{"id":43966,"date":"2025-06-18T11:00:30","date_gmt":"2025-06-18T11:00:30","guid":{"rendered":"https:\/\/zl.jewelry\/product\/ring-capsule\/"},"modified":"2025-09-26T18:31:13","modified_gmt":"2025-09-26T18:31:13","slug":"ring-capsule","status":"publish","type":"product","link":"https:\/\/zl.jewelry\/pl\/product\/ring-capsule\/","title":{"rendered":"Pier\u015bcionek &#8222;Capsule&#8221;"},"content":{"rendered":"<p>Pier\u015bcionek z czerwonego z\u0142ota, w rozmiarze 18,5 waga bi\u017cuterii sk\u0142ada si\u0119 z 9 gram&oacute;w.G\u0142&oacute;wna cz\u0119\u015b\u0107, gdzie napisy pokryte s\u0105 emali\u0105 posiadaj\u0105 mechanizm obrotowy. Po bokach emalii zawiasy z bia\u0142ego z\u0142ota, pokryte rodem. Na szynie z przodu napis &quot;Cupsula&quot; pokryty emali\u0105, na odwrocie wygrawerowana data, na \u017cyczenie klienta. Na trzpieniu obr\u0105czki z dw&oacute;ch stron wymodelowane wzory.<\/p>\n<p>_x000D_<\/p>\n","protected":false},"excerpt":{"rendered":"<p>Pier\u015bcionek z czerwonego z\u0142ota, w rozmiarze 18,5 waga bi\u017cuterii sk\u0142ada si\u0119 z 9 gram&oacute;w.G\u0142&oacute;wna cz\u0119\u015b\u0107, gdzie napisy pokryte s\u0105 emali\u0105 posiadaj\u0105 mechanizm obrotowy. Po bokach emalii zawiasy z bia\u0142ego z\u0142ota, pokryte rodem. Na szynie z przodu napis &quot;Cupsula&quot; pokryty emali\u0105, na odwrocie wygrawerowana data, na \u017cyczenie klienta. Na trzpieniu obr\u0105czki z dw&oacute;ch stron wymodelowane wzory&#8230;.<\/p>\n","protected":false},"featured_media":49587,"template":"","meta":{"_acf_changed":false},"product_brand":[],"product_cat":[514,518],"product_tag":[],"class_list":{"0":"post-43966","1":"product","2":"type-product","3":"status-publish","4":"has-post-thumbnail","6":"product_cat-golden-rings-pl","7":"product_cat-red-gold-rings-pl","9":"first","10":"instock","11":"product-type-simple"},"acf":[],"_links":{"self":[{"href":"https:\/\/zl.jewelry\/pl\/wp-json\/wp\/v2\/product\/43966","targetHints":{"allow":["GET"]}}],"collection":[{"href":"https:\/\/zl.jewelry\/pl\/wp-json\/wp\/v2\/product"}],"about":[{"href":"https:\/\/zl.jewelry\/pl\/wp-json\/wp\/v2\/types\/product"}],"wp:featuredmedia":[{"embeddable":true,"href":"https:\/\/zl.jewelry\/pl\/wp-json\/wp\/v2\/media\/49587"}],"wp:attachment":[{"href":"https:\/\/zl.jewelry\/pl\/wp-json\/wp\/v2\/media?parent=43966"}],"wp:term":[{"taxonomy":"product_brand","embeddable":true,"href":"https:\/\/zl.jewelry\/pl\/wp-json\/wp\/v2\/product_brand?post=43966"},{"taxonomy":"product_cat","embeddable":true,"href":"https:\/\/zl.jewelry\/pl\/wp-json\/wp\/v2\/product_cat?post=43966"},{"taxonomy":"product_tag","embeddable":true,"href":"https:\/\/zl.jewelry\/pl\/wp-json\/wp\/v2\/product_tag?post=43966"}],"curies":[{"name":"wp","href":"https:\/\/api.w.org\/{rel}","templated":true}]}}