{"id":43962,"date":"2025-06-18T11:00:30","date_gmt":"2025-06-18T11:00:30","guid":{"rendered":"https:\/\/zl.jewelry\/product\/seal-v-6\/"},"modified":"2025-09-26T18:31:12","modified_gmt":"2025-09-26T18:31:12","slug":"seal-v-6","status":"publish","type":"product","link":"https:\/\/zl.jewelry\/pl\/product\/seal-v-6\/","title":{"rendered":"Pier\u015bcionek V-6"},"content":{"rendered":"<p>M\u0119ski pier\u015bcionek&nbsp;o wsp\u00f3lnej kompozycji silnika w kolorze czerwonego i bia\u0142ego z\u0142ota. Waga mo\u017ce si\u0119 r\u00f3\u017cni\u0107 w zale\u017cno\u015bci od rozmiaru, szeroko\u015b\u0107 pier\u015bcionka wynosi 16,00 mm. Kamieniem centralnym jest fianit o owalnym kszta\u0142cie i wymiarach 7.00&#215;9.00mm. Puszka&nbsp;mo\u017ce by\u0107 osadzony z dowolnym innym kamieniem zgodnie z \u017cyczeniem klienta. Po bokach piecz\u0119ci znajduj\u0105 si\u0119 t\u0142oki z bia\u0142ego z\u0142ota w formie t\u0142ok\u00f3w, kt\u00f3re s\u0105 pokryte rodem.&nbsp; Mo\u017ce by\u0107 wykonany w dowolnym rozmiarze i wzorze, zgodnie z \u017cyczeniem klienta..<\/p>\n","protected":false},"excerpt":{"rendered":"<p>M\u0119ski pier\u015bcionek&nbsp;o wsp\u00f3lnej kompozycji silnika w kolorze czerwonego i bia\u0142ego z\u0142ota. Waga mo\u017ce si\u0119 r\u00f3\u017cni\u0107 w zale\u017cno\u015bci od rozmiaru, szeroko\u015b\u0107 pier\u015bcionka wynosi 16,00 mm. Kamieniem centralnym jest fianit o owalnym kszta\u0142cie i wymiarach 7.00&#215;9.00mm. Puszka&nbsp;mo\u017ce by\u0107 osadzony z dowolnym innym kamieniem zgodnie z \u017cyczeniem klienta. Po bokach piecz\u0119ci znajduj\u0105 si\u0119 t\u0142oki z bia\u0142ego z\u0142ota w&#8230;<\/p>\n","protected":false},"featured_media":43963,"template":"","meta":{"_acf_changed":false},"product_brand":[],"product_cat":[517,589],"product_tag":[],"class_list":{"0":"post-43962","1":"product","2":"type-product","3":"status-publish","4":"has-post-thumbnail","6":"product_cat-mens-rings-and-seals-pl","7":"product_cat-signet-rings-pl","9":"first","10":"instock","11":"product-type-simple"},"acf":[],"_links":{"self":[{"href":"https:\/\/zl.jewelry\/pl\/wp-json\/wp\/v2\/product\/43962","targetHints":{"allow":["GET"]}}],"collection":[{"href":"https:\/\/zl.jewelry\/pl\/wp-json\/wp\/v2\/product"}],"about":[{"href":"https:\/\/zl.jewelry\/pl\/wp-json\/wp\/v2\/types\/product"}],"wp:featuredmedia":[{"embeddable":true,"href":"https:\/\/zl.jewelry\/pl\/wp-json\/wp\/v2\/media\/43963"}],"wp:attachment":[{"href":"https:\/\/zl.jewelry\/pl\/wp-json\/wp\/v2\/media?parent=43962"}],"wp:term":[{"taxonomy":"product_brand","embeddable":true,"href":"https:\/\/zl.jewelry\/pl\/wp-json\/wp\/v2\/product_brand?post=43962"},{"taxonomy":"product_cat","embeddable":true,"href":"https:\/\/zl.jewelry\/pl\/wp-json\/wp\/v2\/product_cat?post=43962"},{"taxonomy":"product_tag","embeddable":true,"href":"https:\/\/zl.jewelry\/pl\/wp-json\/wp\/v2\/product_tag?post=43962"}],"curies":[{"name":"wp","href":"https:\/\/api.w.org\/{rel}","templated":true}]}}