{"id":43958,"date":"2025-06-18T11:00:30","date_gmt":"2025-06-18T11:00:30","guid":{"rendered":"https:\/\/zl.jewelry\/product\/bracelet-with-chinese-coin\/"},"modified":"2025-09-26T18:31:12","modified_gmt":"2025-09-26T18:31:12","slug":"bracelet-with-chinese-coin","status":"publish","type":"product","link":"https:\/\/zl.jewelry\/pl\/product\/bracelet-with-chinese-coin\/","title":{"rendered":"Bransoletka z chi\u0144sk\u0105 monet\u0105"},"content":{"rendered":"<p>Bransoletka na lince, \u015brednica linki 4mm. Waga z\u0142ota w bransoletce to 18,82 grama przy rozmiarze 20 cm. Wstawki z bia\u0142ego i czerwonego z\u0142ota pr\u00f3by 585*.&nbsp;<\/p>\n","protected":false},"excerpt":{"rendered":"<p>Bransoletka na lince, \u015brednica linki 4mm. Waga z\u0142ota w bransoletce to 18,82 grama przy rozmiarze 20 cm. Wstawki z bia\u0142ego i czerwonego z\u0142ota pr\u00f3by 585*.&nbsp;<\/p>\n","protected":false},"featured_media":43959,"template":"","meta":{"_acf_changed":false},"product_brand":[],"product_cat":[557,560,562],"product_tag":[],"class_list":{"0":"post-43958","1":"product","2":"type-product","3":"status-publish","4":"has-post-thumbnail","6":"product_cat-bracelets-pl","7":"product_cat-gold-bracelets-up-to-30-gr-pl","8":"product_cat-silk-bracelets-with-gold-inserts-pl","10":"first","11":"instock","12":"product-type-simple"},"acf":[],"_links":{"self":[{"href":"https:\/\/zl.jewelry\/pl\/wp-json\/wp\/v2\/product\/43958","targetHints":{"allow":["GET"]}}],"collection":[{"href":"https:\/\/zl.jewelry\/pl\/wp-json\/wp\/v2\/product"}],"about":[{"href":"https:\/\/zl.jewelry\/pl\/wp-json\/wp\/v2\/types\/product"}],"wp:featuredmedia":[{"embeddable":true,"href":"https:\/\/zl.jewelry\/pl\/wp-json\/wp\/v2\/media\/43959"}],"wp:attachment":[{"href":"https:\/\/zl.jewelry\/pl\/wp-json\/wp\/v2\/media?parent=43958"}],"wp:term":[{"taxonomy":"product_brand","embeddable":true,"href":"https:\/\/zl.jewelry\/pl\/wp-json\/wp\/v2\/product_brand?post=43958"},{"taxonomy":"product_cat","embeddable":true,"href":"https:\/\/zl.jewelry\/pl\/wp-json\/wp\/v2\/product_cat?post=43958"},{"taxonomy":"product_tag","embeddable":true,"href":"https:\/\/zl.jewelry\/pl\/wp-json\/wp\/v2\/product_tag?post=43958"}],"curies":[{"name":"wp","href":"https:\/\/api.w.org\/{rel}","templated":true}]}}