{"id":43956,"date":"2025-06-18T11:00:30","date_gmt":"2025-06-18T11:00:30","guid":{"rendered":"https:\/\/zl.jewelry\/product\/wedding-ring-forever-and-ever\/"},"modified":"2025-09-26T18:31:12","modified_gmt":"2025-09-26T18:31:12","slug":"wedding-ring-forever-and-ever","status":"publish","type":"product","link":"https:\/\/zl.jewelry\/pl\/product\/wedding-ring-forever-and-ever\/","title":{"rendered":"Pier\u015bcionek zar\u0119czynowy &#8222;Forever Ages&#8221;"},"content":{"rendered":"<p>Pier\u015bcionki zar\u0119czynowe w kolorze czerwonego z\u0142ota. Waga pier\u015bcionk\u00f3w r\u00f3\u017cni si\u0119 w zale\u017cno\u015bci od rozmiaru. Na przedniej stronie m\u0119skiego pier\u015bcionka znajduj\u0105 si\u0119 dwa wilki i drzewa, r\u00f3wnie\u017c podstawa pokryta jest niello. Na damskiej obr\u0105czce znajduj\u0105 si\u0119 u\u0142o\u017cone kwiaty, z wkomponowanymi diamentami. \u015arednica kamieni 1,5 mm (8 sztuk). Kamienie mog\u0105 by\u0107 osadzone dowolnie, na \u017cyczenie klienta.<\/p>\n","protected":false},"excerpt":{"rendered":"<p>Pier\u015bcionki zar\u0119czynowe w kolorze czerwonego z\u0142ota. Waga pier\u015bcionk\u00f3w r\u00f3\u017cni si\u0119 w zale\u017cno\u015bci od rozmiaru. Na przedniej stronie m\u0119skiego pier\u015bcionka znajduj\u0105 si\u0119 dwa wilki i drzewa, r\u00f3wnie\u017c podstawa pokryta jest niello. Na damskiej obr\u0105czce znajduj\u0105 si\u0119 u\u0142o\u017cone kwiaty, z wkomponowanymi diamentami. \u015arednica kamieni 1,5 mm (8 sztuk). Kamienie mog\u0105 by\u0107 osadzone dowolnie, na \u017cyczenie klienta.<\/p>\n","protected":false},"featured_media":43957,"template":"","meta":{"_acf_changed":false},"product_brand":[],"product_cat":[528,533,531],"product_tag":[],"class_list":{"0":"post-43956","1":"product","2":"type-product","3":"status-publish","4":"has-post-thumbnail","6":"product_cat-wedding-rings-pl","7":"product_cat-red-gold-wedding-rings-pl","8":"product_cat-elite-wedding-rings-pl","10":"first","11":"instock","12":"product-type-simple"},"acf":[],"_links":{"self":[{"href":"https:\/\/zl.jewelry\/pl\/wp-json\/wp\/v2\/product\/43956","targetHints":{"allow":["GET"]}}],"collection":[{"href":"https:\/\/zl.jewelry\/pl\/wp-json\/wp\/v2\/product"}],"about":[{"href":"https:\/\/zl.jewelry\/pl\/wp-json\/wp\/v2\/types\/product"}],"wp:featuredmedia":[{"embeddable":true,"href":"https:\/\/zl.jewelry\/pl\/wp-json\/wp\/v2\/media\/43957"}],"wp:attachment":[{"href":"https:\/\/zl.jewelry\/pl\/wp-json\/wp\/v2\/media?parent=43956"}],"wp:term":[{"taxonomy":"product_brand","embeddable":true,"href":"https:\/\/zl.jewelry\/pl\/wp-json\/wp\/v2\/product_brand?post=43956"},{"taxonomy":"product_cat","embeddable":true,"href":"https:\/\/zl.jewelry\/pl\/wp-json\/wp\/v2\/product_cat?post=43956"},{"taxonomy":"product_tag","embeddable":true,"href":"https:\/\/zl.jewelry\/pl\/wp-json\/wp\/v2\/product_tag?post=43956"}],"curies":[{"name":"wp","href":"https:\/\/api.w.org\/{rel}","templated":true}]}}