{"id":43926,"date":"2025-06-18T11:00:37","date_gmt":"2025-06-18T11:00:37","guid":{"rendered":"https:\/\/zl.jewelry\/product\/wedding-ring-together-forever\/"},"modified":"2025-09-26T18:31:18","modified_gmt":"2025-09-26T18:31:18","slug":"wedding-ring-together-forever","status":"publish","type":"product","link":"https:\/\/zl.jewelry\/pl\/product\/wedding-ring-together-forever\/","title":{"rendered":"Obr\u0105czka \u015blubna &#8222;Together Forever&#8221;"},"content":{"rendered":"<p>Obr\u0105czki \u015blubne z czerwonego i bia\u0142ego z\u0142ota. Podstawa obr\u0105czki z bia\u0142ego z\u0142ota pokrytego rodem, boki z czerwonego z\u0142ota. Waga z\u0142ota r&oacute;\u017cni si\u0119 w zale\u017cno\u015bci od rozmiaru. Szeroko\u015b\u0107 obr\u0105czek od 4mm, grubo\u015b\u0107 od 1,3mm. Na m\u0119skiej obr\u0105czce kamienie s\u0105 umieszczone w \u015brodku podstawy, \u015brednica 2,25mm, na damskiej obr\u0105czce kamienie s\u0105 osadzone po bokach, \u015brednica 1,25mm (20szt). Kamienie mog\u0105 by\u0107 osadzone dowolnie, na \u017cyczenie klienta. Wewn\u0105trz obr\u0105czek wymodelowany napis &quot;Wszystko albo nic&quot;.<\/p>\n<p>_x000D_<\/p>\n","protected":false},"excerpt":{"rendered":"<p>Obr\u0105czki \u015blubne z czerwonego i bia\u0142ego z\u0142ota. Podstawa obr\u0105czki z bia\u0142ego z\u0142ota pokrytego rodem, boki z czerwonego z\u0142ota. Waga z\u0142ota r&oacute;\u017cni si\u0119 w zale\u017cno\u015bci od rozmiaru. Szeroko\u015b\u0107 obr\u0105czek od 4mm, grubo\u015b\u0107 od 1,3mm. Na m\u0119skiej obr\u0105czce kamienie s\u0105 umieszczone w \u015brodku podstawy, \u015brednica 2,25mm, na damskiej obr\u0105czce kamienie s\u0105 osadzone po bokach, \u015brednica 1,25mm (20szt)&#8230;.<\/p>\n","protected":false},"featured_media":43927,"template":"","meta":{"_acf_changed":false},"product_brand":[],"product_cat":[528,530,537,535],"product_tag":[],"class_list":{"0":"post-43926","1":"product","2":"type-product","3":"status-publish","4":"has-post-thumbnail","6":"product_cat-wedding-rings-pl","7":"product_cat-combined-wedding-rings-pl","8":"product_cat-with-rocks-4-pl","9":"product_cat-wedding-rings-with-diamonds-pl","11":"first","12":"instock","13":"product-type-simple"},"acf":[],"_links":{"self":[{"href":"https:\/\/zl.jewelry\/pl\/wp-json\/wp\/v2\/product\/43926","targetHints":{"allow":["GET"]}}],"collection":[{"href":"https:\/\/zl.jewelry\/pl\/wp-json\/wp\/v2\/product"}],"about":[{"href":"https:\/\/zl.jewelry\/pl\/wp-json\/wp\/v2\/types\/product"}],"wp:featuredmedia":[{"embeddable":true,"href":"https:\/\/zl.jewelry\/pl\/wp-json\/wp\/v2\/media\/43927"}],"wp:attachment":[{"href":"https:\/\/zl.jewelry\/pl\/wp-json\/wp\/v2\/media?parent=43926"}],"wp:term":[{"taxonomy":"product_brand","embeddable":true,"href":"https:\/\/zl.jewelry\/pl\/wp-json\/wp\/v2\/product_brand?post=43926"},{"taxonomy":"product_cat","embeddable":true,"href":"https:\/\/zl.jewelry\/pl\/wp-json\/wp\/v2\/product_cat?post=43926"},{"taxonomy":"product_tag","embeddable":true,"href":"https:\/\/zl.jewelry\/pl\/wp-json\/wp\/v2\/product_tag?post=43926"}],"curies":[{"name":"wp","href":"https:\/\/api.w.org\/{rel}","templated":true}]}}