{"id":43924,"date":"2025-06-18T11:00:37","date_gmt":"2025-06-18T11:00:37","guid":{"rendered":"https:\/\/zl.jewelry\/product\/engagement-ring-emerald-paradise\/"},"modified":"2025-09-26T18:31:18","modified_gmt":"2025-09-26T18:31:18","slug":"engagement-ring-emerald-paradise","status":"publish","type":"product","link":"https:\/\/zl.jewelry\/pl\/product\/engagement-ring-emerald-paradise\/","title":{"rendered":"Pier\u015bcionek zar\u0119czynowy &#8222;Szmaragdowy Raj&#8221;"},"content":{"rendered":"<p>Pier\u015bcionek z bia\u0142ego z\u0142ota, z inicja\u0142ami (mo\u017cna zmieni\u0107 w razie potrzeby). Kamie\u0144 centralny zielony kwarc ciemny kolor, rozmiar 7x7mm, diamenty 1mm. Waga 5.71 grama przy rozmiarze 17.2.<\/p>\n<p>_x000D_<\/p>\n","protected":false},"excerpt":{"rendered":"<p>Pier\u015bcionek z bia\u0142ego z\u0142ota, z inicja\u0142ami (mo\u017cna zmieni\u0107 w razie potrzeby). Kamie\u0144 centralny zielony kwarc ciemny kolor, rozmiar 7x7mm, diamenty 1mm. Waga 5.71 grama przy rozmiarze 17.2. _x000D_<\/p>\n","protected":false},"featured_media":43925,"template":"","meta":{"_acf_changed":false},"product_brand":[],"product_cat":[523,524,527],"product_tag":[],"class_list":{"0":"post-43924","1":"product","2":"type-product","3":"status-publish","4":"has-post-thumbnail","6":"product_cat-engagement-rings-pl","7":"product_cat-engagement-rings-with-diamonds-pl","8":"product_cat-white-gold-engagement-rings-pl","10":"first","11":"instock","12":"product-type-simple"},"acf":[],"_links":{"self":[{"href":"https:\/\/zl.jewelry\/pl\/wp-json\/wp\/v2\/product\/43924","targetHints":{"allow":["GET"]}}],"collection":[{"href":"https:\/\/zl.jewelry\/pl\/wp-json\/wp\/v2\/product"}],"about":[{"href":"https:\/\/zl.jewelry\/pl\/wp-json\/wp\/v2\/types\/product"}],"wp:featuredmedia":[{"embeddable":true,"href":"https:\/\/zl.jewelry\/pl\/wp-json\/wp\/v2\/media\/43925"}],"wp:attachment":[{"href":"https:\/\/zl.jewelry\/pl\/wp-json\/wp\/v2\/media?parent=43924"}],"wp:term":[{"taxonomy":"product_brand","embeddable":true,"href":"https:\/\/zl.jewelry\/pl\/wp-json\/wp\/v2\/product_brand?post=43924"},{"taxonomy":"product_cat","embeddable":true,"href":"https:\/\/zl.jewelry\/pl\/wp-json\/wp\/v2\/product_cat?post=43924"},{"taxonomy":"product_tag","embeddable":true,"href":"https:\/\/zl.jewelry\/pl\/wp-json\/wp\/v2\/product_tag?post=43924"}],"curies":[{"name":"wp","href":"https:\/\/api.w.org\/{rel}","templated":true}]}}