{"id":43910,"date":"2025-06-18T11:00:37","date_gmt":"2025-06-18T11:00:37","guid":{"rendered":"https:\/\/zl.jewelry\/product\/wedding-ring-gift-of-aphrodite-2\/"},"modified":"2026-04-21T14:06:19","modified_gmt":"2026-04-21T14:06:19","slug":"wedding-ring-gift-of-aphrodite-2","status":"publish","type":"product","link":"https:\/\/zl.jewelry\/pl\/product\/wedding-ring-gift-of-aphrodite-2\/","title":{"rendered":"Obr\u0105czk\u0430 \u015blubn\u0430 &#8222;Dar Afrodyty&#8221;"},"content":{"rendered":"<section class=\"l-section wpb_row height_small\"><div class=\"l-section-h i-cf\"><div class=\"g-cols vc_row via_flex valign_top type_default stacking_default\"><div class=\"vc_col-sm-12 wpb_column vc_column_container\"><div class=\"vc_column-inner\"><div class=\"wpb_wrapper\"><div class=\"wpb_text_column\"><div class=\"wpb_wrapper\"><p>Obr\u0105czki z bia\u0142ego i \u017c\u00f3\u0142tego z\u0142ota. Na damskiej znajduj\u0105 si\u0119 fianity o \u015brednicy 1 mm i masie 0,84 ct. Szeroko\u015b\u0107 obr\u0105czek wynosi 7-8 mm.<\/p>\n<\/div><\/div><\/div><\/div><\/div><\/div><\/div><\/section>\n","protected":false},"excerpt":{"rendered":"Obr\u0105czki z bia\u0142ego i \u017c\u00f3\u0142tego z\u0142ota. Na damskiej znajduj\u0105 si\u0119 fianity o \u015brednicy 1 mm i masie 0,84 ct. Szeroko\u015b\u0107 obr\u0105czek wynosi 7-8 mm.","protected":false},"featured_media":43911,"template":"","meta":{"_acf_changed":false},"product_brand":[],"product_cat":[530,528],"product_tag":[],"class_list":{"0":"post-43910","1":"product","2":"type-product","3":"status-publish","4":"has-post-thumbnail","6":"product_cat-combined-wedding-rings-pl","7":"product_cat-wedding-rings-pl","9":"first","10":"instock","11":"product-type-simple"},"acf":[],"_links":{"self":[{"href":"https:\/\/zl.jewelry\/pl\/wp-json\/wp\/v2\/product\/43910","targetHints":{"allow":["GET"]}}],"collection":[{"href":"https:\/\/zl.jewelry\/pl\/wp-json\/wp\/v2\/product"}],"about":[{"href":"https:\/\/zl.jewelry\/pl\/wp-json\/wp\/v2\/types\/product"}],"wp:featuredmedia":[{"embeddable":true,"href":"https:\/\/zl.jewelry\/pl\/wp-json\/wp\/v2\/media\/43911"}],"wp:attachment":[{"href":"https:\/\/zl.jewelry\/pl\/wp-json\/wp\/v2\/media?parent=43910"}],"wp:term":[{"taxonomy":"product_brand","embeddable":true,"href":"https:\/\/zl.jewelry\/pl\/wp-json\/wp\/v2\/product_brand?post=43910"},{"taxonomy":"product_cat","embeddable":true,"href":"https:\/\/zl.jewelry\/pl\/wp-json\/wp\/v2\/product_cat?post=43910"},{"taxonomy":"product_tag","embeddable":true,"href":"https:\/\/zl.jewelry\/pl\/wp-json\/wp\/v2\/product_tag?post=43910"}],"curies":[{"name":"wp","href":"https:\/\/api.w.org\/{rel}","templated":true}]}}