{"id":43902,"date":"2025-06-18T11:00:37","date_gmt":"2025-06-18T11:00:37","guid":{"rendered":"https:\/\/zl.jewelry\/product\/wedding-ring-happy-moment\/"},"modified":"2025-09-26T18:31:16","modified_gmt":"2025-09-26T18:31:16","slug":"wedding-ring-happy-moment","status":"publish","type":"product","link":"https:\/\/zl.jewelry\/pl\/product\/wedding-ring-happy-moment\/","title":{"rendered":"Pier\u015bcionek zar\u0119czynowy &#8222;Happy Moment&#8221;"},"content":{"rendered":"<p>Obr\u0105czki z bia\u0142ego z\u0142ota, obr\u0105czki maj\u0105 6mm szeroko\u015bci. Na obr\u0105czkach wygrawerowany jest ch\u0142opiec i dziewczynka. Obr\u0105czki s\u0105 rodowane. Waga r&oacute;\u017cni si\u0119 w zale\u017cno\u015bci od rozmiaru. Wz&oacute;r obr\u0105czek mo\u017ce by\u0107 zmieniony zgodnie z \u017cyczeniem klienta.<\/p>\n<p>_x000D_<\/p>\n","protected":false},"excerpt":{"rendered":"<p>Obr\u0105czki z bia\u0142ego z\u0142ota, obr\u0105czki maj\u0105 6mm szeroko\u015bci. Na obr\u0105czkach wygrawerowany jest ch\u0142opiec i dziewczynka. Obr\u0105czki s\u0105 rodowane. Waga r&oacute;\u017cni si\u0119 w zale\u017cno\u015bci od rozmiaru. Wz&oacute;r obr\u0105czek mo\u017ce by\u0107 zmieniony zgodnie z \u017cyczeniem klienta. _x000D_<\/p>\n","protected":false},"featured_media":43903,"template":"","meta":{"_acf_changed":false},"product_brand":[],"product_cat":[528,536],"product_tag":[],"class_list":{"0":"post-43902","1":"product","2":"type-product","3":"status-publish","4":"has-post-thumbnail","6":"product_cat-wedding-rings-pl","7":"product_cat-white-gold-wedding-rings-pl","9":"first","10":"instock","11":"product-type-simple"},"acf":[],"_links":{"self":[{"href":"https:\/\/zl.jewelry\/pl\/wp-json\/wp\/v2\/product\/43902","targetHints":{"allow":["GET"]}}],"collection":[{"href":"https:\/\/zl.jewelry\/pl\/wp-json\/wp\/v2\/product"}],"about":[{"href":"https:\/\/zl.jewelry\/pl\/wp-json\/wp\/v2\/types\/product"}],"wp:featuredmedia":[{"embeddable":true,"href":"https:\/\/zl.jewelry\/pl\/wp-json\/wp\/v2\/media\/43903"}],"wp:attachment":[{"href":"https:\/\/zl.jewelry\/pl\/wp-json\/wp\/v2\/media?parent=43902"}],"wp:term":[{"taxonomy":"product_brand","embeddable":true,"href":"https:\/\/zl.jewelry\/pl\/wp-json\/wp\/v2\/product_brand?post=43902"},{"taxonomy":"product_cat","embeddable":true,"href":"https:\/\/zl.jewelry\/pl\/wp-json\/wp\/v2\/product_cat?post=43902"},{"taxonomy":"product_tag","embeddable":true,"href":"https:\/\/zl.jewelry\/pl\/wp-json\/wp\/v2\/product_tag?post=43902"}],"curies":[{"name":"wp","href":"https:\/\/api.w.org\/{rel}","templated":true}]}}