{"id":43891,"date":"2025-06-18T11:00:37","date_gmt":"2025-06-18T11:00:37","guid":{"rendered":"https:\/\/zl.jewelry\/product\/wedding-ring-gift-of-aphrodite-with-diamonds\/"},"modified":"2026-04-21T13:13:04","modified_gmt":"2026-04-21T13:13:04","slug":"wedding-ring-gift-of-aphrodite-with-diamonds","status":"publish","type":"product","link":"https:\/\/zl.jewelry\/pl\/product\/wedding-ring-gift-of-aphrodite-with-diamonds\/","title":{"rendered":"Obr\u0105czk\u0430 \u015blubn\u0430 &#8222;Dar Afrodyty&#8221; z diamentami"},"content":{"rendered":"<p>Obr\u0105czki \u015blubne z bia\u0142ego i \u017c\u00f3\u0142tego z\u0142ota. Kobieca obr\u0105czka wysadzana jest fianitami o \u015brednicy 1 mm i masie 0,84 ct. Obr\u0105czki maj\u0105 szeroko\u015b\u0107 7-8 mm.<\/p>\n","protected":false},"excerpt":{"rendered":"<p>Obr\u0105czki \u015blubne z bia\u0142ego i \u017c\u00f3\u0142tego z\u0142ota. Kobieca obr\u0105czka wysadzana jest fianitami o \u015brednicy 1 mm i masie 0,84 ct. Obr\u0105czki maj\u0105 szeroko\u015b\u0107 7-8 mm.<\/p>\n","protected":false},"featured_media":43892,"template":"","meta":{"_acf_changed":false},"product_brand":[],"product_cat":[535,530,528,537],"product_tag":[],"class_list":{"0":"post-43891","1":"product","2":"type-product","3":"status-publish","4":"has-post-thumbnail","6":"product_cat-wedding-rings-with-diamonds-pl","7":"product_cat-combined-wedding-rings-pl","8":"product_cat-wedding-rings-pl","9":"product_cat-with-rocks-4-pl","11":"first","12":"instock","13":"product-type-simple"},"acf":[],"_links":{"self":[{"href":"https:\/\/zl.jewelry\/pl\/wp-json\/wp\/v2\/product\/43891","targetHints":{"allow":["GET"]}}],"collection":[{"href":"https:\/\/zl.jewelry\/pl\/wp-json\/wp\/v2\/product"}],"about":[{"href":"https:\/\/zl.jewelry\/pl\/wp-json\/wp\/v2\/types\/product"}],"wp:featuredmedia":[{"embeddable":true,"href":"https:\/\/zl.jewelry\/pl\/wp-json\/wp\/v2\/media\/43892"}],"wp:attachment":[{"href":"https:\/\/zl.jewelry\/pl\/wp-json\/wp\/v2\/media?parent=43891"}],"wp:term":[{"taxonomy":"product_brand","embeddable":true,"href":"https:\/\/zl.jewelry\/pl\/wp-json\/wp\/v2\/product_brand?post=43891"},{"taxonomy":"product_cat","embeddable":true,"href":"https:\/\/zl.jewelry\/pl\/wp-json\/wp\/v2\/product_cat?post=43891"},{"taxonomy":"product_tag","embeddable":true,"href":"https:\/\/zl.jewelry\/pl\/wp-json\/wp\/v2\/product_tag?post=43891"}],"curies":[{"name":"wp","href":"https:\/\/api.w.org\/{rel}","templated":true}]}}