{"id":43881,"date":"2025-06-18T11:00:37","date_gmt":"2025-06-18T11:00:37","guid":{"rendered":"https:\/\/zl.jewelry\/product\/wedding-ring-magic-of-stars\/"},"modified":"2025-09-26T18:31:15","modified_gmt":"2025-09-26T18:31:15","slug":"wedding-ring-magic-of-stars","status":"publish","type":"product","link":"https:\/\/zl.jewelry\/pl\/product\/wedding-ring-magic-of-stars\/","title":{"rendered":"Pier\u015bcionek zar\u0119czynowy &#8222;Star Magic&#8221;"},"content":{"rendered":"<p>Obr\u0105czka z cytrynowego z\u0142ota pr&oacute;by 585*, o masie 2,92 grama, w rozmiarze 15, z fianitami.&nbsp;<\/p>\n<p>_x000D_<\/p>\n","protected":false},"excerpt":{"rendered":"<p>Obr\u0105czka z cytrynowego z\u0142ota pr&oacute;by 585*, o masie 2,92 grama, w rozmiarze 15, z fianitami.&nbsp; _x000D_<\/p>\n","protected":false},"featured_media":43882,"template":"","meta":{"_acf_changed":false},"product_brand":[],"product_cat":[528,532,537,535],"product_tag":[],"class_list":{"0":"post-43881","1":"product","2":"type-product","3":"status-publish","4":"has-post-thumbnail","6":"product_cat-wedding-rings-pl","7":"product_cat-lemon-gold-wedding-rings-pl","8":"product_cat-with-rocks-4-pl","9":"product_cat-wedding-rings-with-diamonds-pl","11":"first","12":"instock","13":"product-type-simple"},"acf":[],"_links":{"self":[{"href":"https:\/\/zl.jewelry\/pl\/wp-json\/wp\/v2\/product\/43881","targetHints":{"allow":["GET"]}}],"collection":[{"href":"https:\/\/zl.jewelry\/pl\/wp-json\/wp\/v2\/product"}],"about":[{"href":"https:\/\/zl.jewelry\/pl\/wp-json\/wp\/v2\/types\/product"}],"wp:featuredmedia":[{"embeddable":true,"href":"https:\/\/zl.jewelry\/pl\/wp-json\/wp\/v2\/media\/43882"}],"wp:attachment":[{"href":"https:\/\/zl.jewelry\/pl\/wp-json\/wp\/v2\/media?parent=43881"}],"wp:term":[{"taxonomy":"product_brand","embeddable":true,"href":"https:\/\/zl.jewelry\/pl\/wp-json\/wp\/v2\/product_brand?post=43881"},{"taxonomy":"product_cat","embeddable":true,"href":"https:\/\/zl.jewelry\/pl\/wp-json\/wp\/v2\/product_cat?post=43881"},{"taxonomy":"product_tag","embeddable":true,"href":"https:\/\/zl.jewelry\/pl\/wp-json\/wp\/v2\/product_tag?post=43881"}],"curies":[{"name":"wp","href":"https:\/\/api.w.org\/{rel}","templated":true}]}}