{"id":43866,"date":"2025-06-18T11:00:42","date_gmt":"2025-06-18T11:00:42","guid":{"rendered":"https:\/\/zl.jewelry\/product\/seal-zodiac\/"},"modified":"2025-09-26T18:31:23","modified_gmt":"2025-09-26T18:31:23","slug":"seal-zodiac","status":"publish","type":"product","link":"https:\/\/zl.jewelry\/pl\/product\/seal-zodiac\/","title":{"rendered":"Piecz\u0119\u0107 &#8222;Zodiak&#8221;"},"content":{"rendered":"<p>M\u0119ski pier\u015bcionek z czerwonego i bia\u0142ego z\u0142ota. \u015arodkowa cz\u0119\u015b\u0107 z bia\u0142ego z\u0142ota jest rodowana i przedstawia znak zodiaku raka, a obszar wok\u00f3\u0142 znaku zodiaku pokryty jest czarn\u0105 emali\u0105. W centrum znaku zodiaku znajduj\u0105 si\u0119 wstawki w postaci kamieni o wymiarach 5,8mm x 3,8mm, a tak\u017ce kamie\u0144 o \u015brednicy 5,3mm.&nbsp; Po bokach na chropowatej powierzchni r\u00f3wnie\u017c znajduje si\u0119 znak zodiaku &#8211; Rak, kt\u00f3rego kontury pokryte s\u0105 czarn\u0105 emali\u0105, a tak\u017ce znajduj\u0105 si\u0119 wstawki z kamieni o \u015brednicy oko\u0142o 1,25mm. Kamienie mog\u0105 by\u0107 ustawione w dowolny spos\u00f3b, zgodnie z \u017cyczeniem klienta. Waga mo\u017ce by\u0107 dostosowana do rozmiaru.&nbsp;<\/p>\n","protected":false},"excerpt":{"rendered":"<p>M\u0119ski pier\u015bcionek z czerwonego i bia\u0142ego z\u0142ota. \u015arodkowa cz\u0119\u015b\u0107 z bia\u0142ego z\u0142ota jest rodowana i przedstawia znak zodiaku raka, a obszar wok\u00f3\u0142 znaku zodiaku pokryty jest czarn\u0105 emali\u0105. W centrum znaku zodiaku znajduj\u0105 si\u0119 wstawki w postaci kamieni o wymiarach 5,8mm x 3,8mm, a tak\u017ce kamie\u0144 o \u015brednicy 5,3mm.&nbsp; Po bokach na chropowatej powierzchni r\u00f3wnie\u017c&#8230;<\/p>\n","protected":false},"featured_media":48875,"template":"","meta":{"_acf_changed":false},"product_brand":[],"product_cat":[517,589],"product_tag":[],"class_list":{"0":"post-43866","1":"product","2":"type-product","3":"status-publish","4":"has-post-thumbnail","6":"product_cat-mens-rings-and-seals-pl","7":"product_cat-signet-rings-pl","9":"first","10":"instock","11":"product-type-simple"},"acf":[],"_links":{"self":[{"href":"https:\/\/zl.jewelry\/pl\/wp-json\/wp\/v2\/product\/43866","targetHints":{"allow":["GET"]}}],"collection":[{"href":"https:\/\/zl.jewelry\/pl\/wp-json\/wp\/v2\/product"}],"about":[{"href":"https:\/\/zl.jewelry\/pl\/wp-json\/wp\/v2\/types\/product"}],"wp:featuredmedia":[{"embeddable":true,"href":"https:\/\/zl.jewelry\/pl\/wp-json\/wp\/v2\/media\/48875"}],"wp:attachment":[{"href":"https:\/\/zl.jewelry\/pl\/wp-json\/wp\/v2\/media?parent=43866"}],"wp:term":[{"taxonomy":"product_brand","embeddable":true,"href":"https:\/\/zl.jewelry\/pl\/wp-json\/wp\/v2\/product_brand?post=43866"},{"taxonomy":"product_cat","embeddable":true,"href":"https:\/\/zl.jewelry\/pl\/wp-json\/wp\/v2\/product_cat?post=43866"},{"taxonomy":"product_tag","embeddable":true,"href":"https:\/\/zl.jewelry\/pl\/wp-json\/wp\/v2\/product_tag?post=43866"}],"curies":[{"name":"wp","href":"https:\/\/api.w.org\/{rel}","templated":true}]}}