{"id":43864,"date":"2025-06-18T11:00:42","date_gmt":"2025-06-18T11:00:42","guid":{"rendered":"https:\/\/zl.jewelry\/product\/wedding-ring-diamond-wedding-in-red-gold\/"},"modified":"2025-09-26T18:31:23","modified_gmt":"2025-09-26T18:31:23","slug":"wedding-ring-diamond-wedding-in-red-gold","status":"publish","type":"product","link":"https:\/\/zl.jewelry\/pl\/product\/wedding-ring-diamond-wedding-in-red-gold\/","title":{"rendered":"Pier\u015bcionek zar\u0119czynowy &#8222;Diamond Wedding&#8221; z czerwonego z\u0142ota"},"content":{"rendered":"<p>Pier\u015bcionki zar\u0119czynowe w kolorze cytrynowym i bia\u0142ym ze z\u0142ota pr\u00f3by 585*. M\u0119ski pier\u015bcionek w kolorze cytrynowym, damski w bia\u0142ym. Grawerunek na ko\u0144cu pod emali\u0105. W pier\u015bcionku damskim znajduje si\u0119 brylant o \u015brednicy 2mm. Szeroko\u015b\u0107 obr\u0105czki to 5mm. Bia\u0142a obr\u0105czka jest rodowana.<\/p>\n","protected":false},"excerpt":{"rendered":"<p>Pier\u015bcionki zar\u0119czynowe w kolorze cytrynowym i bia\u0142ym ze z\u0142ota pr\u00f3by 585*. M\u0119ski pier\u015bcionek w kolorze cytrynowym, damski w bia\u0142ym. Grawerunek na ko\u0144cu pod emali\u0105. W pier\u015bcionku damskim znajduje si\u0119 brylant o \u015brednicy 2mm. Szeroko\u015b\u0107 obr\u0105czki to 5mm. Bia\u0142a obr\u0105czka jest rodowana.<\/p>\n","protected":false},"featured_media":43865,"template":"","meta":{"_acf_changed":false},"product_brand":[],"product_cat":[528,530,537,535],"product_tag":[],"class_list":{"0":"post-43864","1":"product","2":"type-product","3":"status-publish","4":"has-post-thumbnail","6":"product_cat-wedding-rings-pl","7":"product_cat-combined-wedding-rings-pl","8":"product_cat-with-rocks-4-pl","9":"product_cat-wedding-rings-with-diamonds-pl","11":"first","12":"instock","13":"product-type-simple"},"acf":[],"_links":{"self":[{"href":"https:\/\/zl.jewelry\/pl\/wp-json\/wp\/v2\/product\/43864","targetHints":{"allow":["GET"]}}],"collection":[{"href":"https:\/\/zl.jewelry\/pl\/wp-json\/wp\/v2\/product"}],"about":[{"href":"https:\/\/zl.jewelry\/pl\/wp-json\/wp\/v2\/types\/product"}],"wp:featuredmedia":[{"embeddable":true,"href":"https:\/\/zl.jewelry\/pl\/wp-json\/wp\/v2\/media\/43865"}],"wp:attachment":[{"href":"https:\/\/zl.jewelry\/pl\/wp-json\/wp\/v2\/media?parent=43864"}],"wp:term":[{"taxonomy":"product_brand","embeddable":true,"href":"https:\/\/zl.jewelry\/pl\/wp-json\/wp\/v2\/product_brand?post=43864"},{"taxonomy":"product_cat","embeddable":true,"href":"https:\/\/zl.jewelry\/pl\/wp-json\/wp\/v2\/product_cat?post=43864"},{"taxonomy":"product_tag","embeddable":true,"href":"https:\/\/zl.jewelry\/pl\/wp-json\/wp\/v2\/product_tag?post=43864"}],"curies":[{"name":"wp","href":"https:\/\/api.w.org\/{rel}","templated":true}]}}