{"id":43860,"date":"2025-06-18T11:00:42","date_gmt":"2025-06-18T11:00:42","guid":{"rendered":"https:\/\/zl.jewelry\/product\/ring-with-sapphire\/"},"modified":"2025-09-26T18:31:23","modified_gmt":"2025-09-26T18:31:23","slug":"ring-with-sapphire","status":"publish","type":"product","link":"https:\/\/zl.jewelry\/pl\/product\/ring-with-sapphire\/","title":{"rendered":"Pier\u015bcionek z szafirem"},"content":{"rendered":"<p>Pier\u015bcionek z czerwonego z\u0142ota. Waga mo\u017ce si\u0119 r\u00f3\u017cni\u0107 w zale\u017cno\u015bci od rozmiaru. Centralnym kamieniem jest ciemny szafir o \u015brednicy 5 mm, otoczony bezbarwnymi diamentami o \u015brednicy 2 mm (6 sztuk).<\/p>\n","protected":false},"excerpt":{"rendered":"<p>Pier\u015bcionek z czerwonego z\u0142ota. Waga mo\u017ce si\u0119 r\u00f3\u017cni\u0107 w zale\u017cno\u015bci od rozmiaru. Centralnym kamieniem jest ciemny szafir o \u015brednicy 5 mm, otoczony bezbarwnymi diamentami o \u015brednicy 2 mm (6 sztuk).<\/p>\n","protected":false},"featured_media":48665,"template":"","meta":{"_acf_changed":false},"product_brand":[],"product_cat":[517,589],"product_tag":[],"class_list":{"0":"post-43860","1":"product","2":"type-product","3":"status-publish","4":"has-post-thumbnail","6":"product_cat-mens-rings-and-seals-pl","7":"product_cat-signet-rings-pl","9":"first","10":"instock","11":"product-type-simple"},"acf":[],"_links":{"self":[{"href":"https:\/\/zl.jewelry\/pl\/wp-json\/wp\/v2\/product\/43860","targetHints":{"allow":["GET"]}}],"collection":[{"href":"https:\/\/zl.jewelry\/pl\/wp-json\/wp\/v2\/product"}],"about":[{"href":"https:\/\/zl.jewelry\/pl\/wp-json\/wp\/v2\/types\/product"}],"wp:featuredmedia":[{"embeddable":true,"href":"https:\/\/zl.jewelry\/pl\/wp-json\/wp\/v2\/media\/48665"}],"wp:attachment":[{"href":"https:\/\/zl.jewelry\/pl\/wp-json\/wp\/v2\/media?parent=43860"}],"wp:term":[{"taxonomy":"product_brand","embeddable":true,"href":"https:\/\/zl.jewelry\/pl\/wp-json\/wp\/v2\/product_brand?post=43860"},{"taxonomy":"product_cat","embeddable":true,"href":"https:\/\/zl.jewelry\/pl\/wp-json\/wp\/v2\/product_cat?post=43860"},{"taxonomy":"product_tag","embeddable":true,"href":"https:\/\/zl.jewelry\/pl\/wp-json\/wp\/v2\/product_tag?post=43860"}],"curies":[{"name":"wp","href":"https:\/\/api.w.org\/{rel}","templated":true}]}}