{"id":43845,"date":"2025-06-18T11:00:42","date_gmt":"2025-06-18T11:00:42","guid":{"rendered":"https:\/\/zl.jewelry\/product\/wedding-ring-strict-style\/"},"modified":"2025-09-26T18:31:21","modified_gmt":"2025-09-26T18:31:21","slug":"wedding-ring-strict-style","status":"publish","type":"product","link":"https:\/\/zl.jewelry\/pl\/product\/wedding-ring-strict-style\/","title":{"rendered":"Obr\u0105czka \u015blubna &#8222;Surowy Styl&#8221;"},"content":{"rendered":"<p style=\"margin: 0px; font-style: normal; font-variant-caps: normal; font-stretch: normal; font-size: 13px; line-height: normal; font-family: &quot;Helvetica Neue&quot;; font-size-adjust: none; font-kerning: auto; font-variant-alternates: normal; font-variant-ligatures: normal; font-variant-numeric: normal; font-variant-east-asian: normal; font-variant-position: normal; font-variant-emoji: normal; font-feature-settings: normal; font-optical-sizing: auto; font-variation-settings: normal;\">Obr\u0105czka \u015blubna &quot;Surowy Styl&quot; to uciele\u015bnienie elegancji i prostoty. Jej szeroka powierzchnia wykonana jest w klasycznym europejskim designie, podkre\u015blaj\u0105cym pow\u015bci\u0105gliwo\u015b\u0107 i wyrafinowanie. Idealnie proste linie i brak zb\u0119dnych detali czyni\u0105 t\u0119 obr\u0105czk\u0119 uniwersalnym dodatkiem. &nbsp;<\/p>\n<p>_x000D_<br \/>\n_x000D_<\/p>\n<p style=\"margin: 0px; font-style: normal; font-variant-caps: normal; font-stretch: normal; font-size: 13px; line-height: normal; font-family: &quot;Helvetica Neue&quot;; font-size-adjust: none; font-kerning: auto; font-variant-alternates: normal; font-variant-ligatures: normal; font-variant-numeric: normal; font-variant-east-asian: normal; font-variant-position: normal; font-variant-emoji: normal; font-feature-settings: normal; font-optical-sizing: auto; font-variation-settings: normal; min-height: 15px;\">&nbsp;<\/p>\n<p>_x000D_<br \/>\n_x000D_<\/p>\n<p style=\"margin: 0px; font-style: normal; font-variant-caps: normal; font-stretch: normal; font-size: 13px; line-height: normal; font-family: &quot;Helvetica Neue&quot;; font-size-adjust: none; font-kerning: auto; font-variant-alternates: normal; font-variant-ligatures: normal; font-variant-numeric: normal; font-variant-east-asian: normal; font-variant-position: normal; font-variant-emoji: normal; font-feature-settings: normal; font-optical-sizing: auto; font-variation-settings: normal;\">Ta obr\u0105czka to idealny wyb&oacute;r dla tych, kt&oacute;rzy doceniaj\u0105 klasyk\u0119, niezawodno\u015b\u0107 i ponadczasow\u0105 estetyk\u0119. &nbsp;<\/p>\n<p>_x000D_<\/p>\n","protected":false},"excerpt":{"rendered":"<p>Obr\u0105czka \u015blubna &quot;Surowy Styl&quot; to uciele\u015bnienie elegancji i prostoty. Jej szeroka powierzchnia wykonana jest w klasycznym europejskim designie, podkre\u015blaj\u0105cym pow\u015bci\u0105gliwo\u015b\u0107 i wyrafinowanie. Idealnie proste linie i brak zb\u0119dnych detali czyni\u0105 t\u0119 obr\u0105czk\u0119 uniwersalnym dodatkiem. &nbsp; _x000D_ _x000D_ &nbsp; _x000D_ _x000D_ Ta obr\u0105czka to idealny wyb&oacute;r dla tych, kt&oacute;rzy doceniaj\u0105 klasyk\u0119, niezawodno\u015b\u0107 i ponadczasow\u0105 estetyk\u0119. &nbsp;&#8230;<\/p>\n","protected":false},"featured_media":43846,"template":"","meta":{"_acf_changed":false},"product_brand":[],"product_cat":[528,529,536],"product_tag":[],"class_list":{"0":"post-43845","1":"product","2":"type-product","3":"status-publish","4":"has-post-thumbnail","6":"product_cat-wedding-rings-pl","7":"product_cat-classic-and-flat-pl","8":"product_cat-white-gold-wedding-rings-pl","10":"first","11":"instock","12":"product-type-simple"},"acf":[],"_links":{"self":[{"href":"https:\/\/zl.jewelry\/pl\/wp-json\/wp\/v2\/product\/43845","targetHints":{"allow":["GET"]}}],"collection":[{"href":"https:\/\/zl.jewelry\/pl\/wp-json\/wp\/v2\/product"}],"about":[{"href":"https:\/\/zl.jewelry\/pl\/wp-json\/wp\/v2\/types\/product"}],"wp:featuredmedia":[{"embeddable":true,"href":"https:\/\/zl.jewelry\/pl\/wp-json\/wp\/v2\/media\/43846"}],"wp:attachment":[{"href":"https:\/\/zl.jewelry\/pl\/wp-json\/wp\/v2\/media?parent=43845"}],"wp:term":[{"taxonomy":"product_brand","embeddable":true,"href":"https:\/\/zl.jewelry\/pl\/wp-json\/wp\/v2\/product_brand?post=43845"},{"taxonomy":"product_cat","embeddable":true,"href":"https:\/\/zl.jewelry\/pl\/wp-json\/wp\/v2\/product_cat?post=43845"},{"taxonomy":"product_tag","embeddable":true,"href":"https:\/\/zl.jewelry\/pl\/wp-json\/wp\/v2\/product_tag?post=43845"}],"curies":[{"name":"wp","href":"https:\/\/api.w.org\/{rel}","templated":true}]}}