{"id":43837,"date":"2025-06-18T11:00:42","date_gmt":"2025-06-18T11:00:42","guid":{"rendered":"https:\/\/zl.jewelry\/product\/wedding-ring-ice-classic\/"},"modified":"2025-09-26T18:31:21","modified_gmt":"2025-09-26T18:31:21","slug":"wedding-ring-ice-classic","status":"publish","type":"product","link":"https:\/\/zl.jewelry\/pl\/product\/wedding-ring-ice-classic\/","title":{"rendered":"Obr\u0105czka \u015blubna &#8222;Lodowa klasyka&#8221;"},"content":{"rendered":"<p>Pier\u015bcionki zar\u0119czynowe z bia\u0142ego z\u0142ota, rodowane. Waga podana w stosunku do rozmiaru, szeroko\u015b\u0107 obr\u0105czek w tym modelu to 5mm.<\/p>\n<p>_x000D_<\/p>\n","protected":false},"excerpt":{"rendered":"<p>Pier\u015bcionki zar\u0119czynowe z bia\u0142ego z\u0142ota, rodowane. Waga podana w stosunku do rozmiaru, szeroko\u015b\u0107 obr\u0105czek w tym modelu to 5mm. _x000D_<\/p>\n","protected":false},"featured_media":43838,"template":"","meta":{"_acf_changed":false},"product_brand":[],"product_cat":[528,529,536],"product_tag":[],"class_list":{"0":"post-43837","1":"product","2":"type-product","3":"status-publish","4":"has-post-thumbnail","6":"product_cat-wedding-rings-pl","7":"product_cat-classic-and-flat-pl","8":"product_cat-white-gold-wedding-rings-pl","10":"first","11":"instock","12":"product-type-simple"},"acf":[],"_links":{"self":[{"href":"https:\/\/zl.jewelry\/pl\/wp-json\/wp\/v2\/product\/43837","targetHints":{"allow":["GET"]}}],"collection":[{"href":"https:\/\/zl.jewelry\/pl\/wp-json\/wp\/v2\/product"}],"about":[{"href":"https:\/\/zl.jewelry\/pl\/wp-json\/wp\/v2\/types\/product"}],"wp:featuredmedia":[{"embeddable":true,"href":"https:\/\/zl.jewelry\/pl\/wp-json\/wp\/v2\/media\/43838"}],"wp:attachment":[{"href":"https:\/\/zl.jewelry\/pl\/wp-json\/wp\/v2\/media?parent=43837"}],"wp:term":[{"taxonomy":"product_brand","embeddable":true,"href":"https:\/\/zl.jewelry\/pl\/wp-json\/wp\/v2\/product_brand?post=43837"},{"taxonomy":"product_cat","embeddable":true,"href":"https:\/\/zl.jewelry\/pl\/wp-json\/wp\/v2\/product_cat?post=43837"},{"taxonomy":"product_tag","embeddable":true,"href":"https:\/\/zl.jewelry\/pl\/wp-json\/wp\/v2\/product_tag?post=43837"}],"curies":[{"name":"wp","href":"https:\/\/api.w.org\/{rel}","templated":true}]}}