{"id":43829,"date":"2025-06-18T11:00:48","date_gmt":"2025-06-18T11:00:48","guid":{"rendered":"https:\/\/zl.jewelry\/product\/red-glossy-box-for-wedding-rings\/"},"modified":"2025-09-26T18:31:30","modified_gmt":"2025-09-26T18:31:30","slug":"red-glossy-box-for-wedding-rings","status":"publish","type":"product","link":"https:\/\/zl.jewelry\/pl\/product\/red-glossy-box-for-wedding-rings\/","title":{"rendered":"Czerwone b\u0142yszcz\u0105ce pude\u0142ko na obr\u0105czki \u015blubne"},"content":{"rendered":"","protected":false},"excerpt":{"rendered":"","protected":false},"featured_media":60653,"template":"","meta":{"_acf_changed":false},"product_brand":[],"product_cat":[577],"product_tag":[],"class_list":{"0":"post-43829","1":"product","2":"type-product","3":"status-publish","4":"has-post-thumbnail","6":"product_cat-certificate-and-packaging-pl","8":"first","9":"instock","10":"product-type-simple"},"acf":[],"_links":{"self":[{"href":"https:\/\/zl.jewelry\/pl\/wp-json\/wp\/v2\/product\/43829","targetHints":{"allow":["GET"]}}],"collection":[{"href":"https:\/\/zl.jewelry\/pl\/wp-json\/wp\/v2\/product"}],"about":[{"href":"https:\/\/zl.jewelry\/pl\/wp-json\/wp\/v2\/types\/product"}],"wp:featuredmedia":[{"embeddable":true,"href":"https:\/\/zl.jewelry\/pl\/wp-json\/wp\/v2\/media\/60653"}],"wp:attachment":[{"href":"https:\/\/zl.jewelry\/pl\/wp-json\/wp\/v2\/media?parent=43829"}],"wp:term":[{"taxonomy":"product_brand","embeddable":true,"href":"https:\/\/zl.jewelry\/pl\/wp-json\/wp\/v2\/product_brand?post=43829"},{"taxonomy":"product_cat","embeddable":true,"href":"https:\/\/zl.jewelry\/pl\/wp-json\/wp\/v2\/product_cat?post=43829"},{"taxonomy":"product_tag","embeddable":true,"href":"https:\/\/zl.jewelry\/pl\/wp-json\/wp\/v2\/product_tag?post=43829"}],"curies":[{"name":"wp","href":"https:\/\/api.w.org\/{rel}","templated":true}]}}