{"id":43825,"date":"2025-06-18T11:00:48","date_gmt":"2025-06-18T11:00:48","guid":{"rendered":"https:\/\/zl.jewelry\/product\/wedding-ring-starfall\/"},"modified":"2025-09-26T18:31:29","modified_gmt":"2025-09-26T18:31:29","slug":"wedding-ring-starfall","status":"publish","type":"product","link":"https:\/\/zl.jewelry\/pl\/product\/wedding-ring-starfall\/","title":{"rendered":"Pier\u015bcionek zar\u0119czynowy &#8222;Starfall&#8221;"},"content":{"rendered":"<p>Pier\u015bcionki zar\u0119czynowe z czerwonego z\u0142ota. Waga zale\u017cy od rozmiaru bi\u017cuterii. Pier\u015bcionki z konstelacjami, kt&oacute;re pokryte s\u0105 niello. Szeroko\u015b\u0107 obr\u0105czki damskiej 4,5 mm, m\u0119skiej 6 mm.<\/p>\n<p>_x000D_<\/p>\n","protected":false},"excerpt":{"rendered":"<p>Pier\u015bcionki zar\u0119czynowe z czerwonego z\u0142ota. Waga zale\u017cy od rozmiaru bi\u017cuterii. Pier\u015bcionki z konstelacjami, kt&oacute;re pokryte s\u0105 niello. Szeroko\u015b\u0107 obr\u0105czki damskiej 4,5 mm, m\u0119skiej 6 mm. _x000D_<\/p>\n","protected":false},"featured_media":43826,"template":"","meta":{"_acf_changed":false},"product_brand":[],"product_cat":[528,533],"product_tag":[],"class_list":{"0":"post-43825","1":"product","2":"type-product","3":"status-publish","4":"has-post-thumbnail","6":"product_cat-wedding-rings-pl","7":"product_cat-red-gold-wedding-rings-pl","9":"first","10":"instock","11":"product-type-simple"},"acf":[],"_links":{"self":[{"href":"https:\/\/zl.jewelry\/pl\/wp-json\/wp\/v2\/product\/43825","targetHints":{"allow":["GET"]}}],"collection":[{"href":"https:\/\/zl.jewelry\/pl\/wp-json\/wp\/v2\/product"}],"about":[{"href":"https:\/\/zl.jewelry\/pl\/wp-json\/wp\/v2\/types\/product"}],"wp:featuredmedia":[{"embeddable":true,"href":"https:\/\/zl.jewelry\/pl\/wp-json\/wp\/v2\/media\/43826"}],"wp:attachment":[{"href":"https:\/\/zl.jewelry\/pl\/wp-json\/wp\/v2\/media?parent=43825"}],"wp:term":[{"taxonomy":"product_brand","embeddable":true,"href":"https:\/\/zl.jewelry\/pl\/wp-json\/wp\/v2\/product_brand?post=43825"},{"taxonomy":"product_cat","embeddable":true,"href":"https:\/\/zl.jewelry\/pl\/wp-json\/wp\/v2\/product_cat?post=43825"},{"taxonomy":"product_tag","embeddable":true,"href":"https:\/\/zl.jewelry\/pl\/wp-json\/wp\/v2\/product_tag?post=43825"}],"curies":[{"name":"wp","href":"https:\/\/api.w.org\/{rel}","templated":true}]}}