{"id":43817,"date":"2025-06-18T11:00:48","date_gmt":"2025-06-18T11:00:48","guid":{"rendered":"https:\/\/zl.jewelry\/product\/wedding-ring-dance-of-an-angel-with-diamonds\/"},"modified":"2025-09-26T18:31:28","modified_gmt":"2025-09-26T18:31:28","slug":"wedding-ring-dance-of-an-angel-with-diamonds","status":"publish","type":"product","link":"https:\/\/zl.jewelry\/pl\/product\/wedding-ring-dance-of-an-angel-with-diamonds\/","title":{"rendered":"Pier\u015bcionek zar\u0119czynowy &#8222;Angel&#8217;s Dance&#8221; z diamentami"},"content":{"rendered":"<p>Obr\u0105czki s\u0105 z bia\u0142ego i czerwonego z\u0142ota. \u015arodek w kolorze bia\u0142ym, a boczne wstawki w kolorze czerwonym. Centralny diament 2 mm. Szeroko\u015b\u0107 damskiej obr\u0105czki wynosi 4 mm, a m\u0119skiej 5 mm.<\/p>\n","protected":false},"excerpt":{"rendered":"<p>Obr\u0105czki s\u0105 z bia\u0142ego i czerwonego z\u0142ota. \u015arodek w kolorze bia\u0142ym, a boczne wstawki w kolorze czerwonym. Centralny diament 2 mm. Szeroko\u015b\u0107 damskiej obr\u0105czki wynosi 4 mm, a m\u0119skiej 5 mm.<\/p>\n","protected":false},"featured_media":43818,"template":"","meta":{"_acf_changed":false},"product_brand":[],"product_cat":[528,530,537,535],"product_tag":[],"class_list":{"0":"post-43817","1":"product","2":"type-product","3":"status-publish","4":"has-post-thumbnail","6":"product_cat-wedding-rings-pl","7":"product_cat-combined-wedding-rings-pl","8":"product_cat-with-rocks-4-pl","9":"product_cat-wedding-rings-with-diamonds-pl","11":"first","12":"instock","13":"product-type-simple"},"acf":[],"_links":{"self":[{"href":"https:\/\/zl.jewelry\/pl\/wp-json\/wp\/v2\/product\/43817","targetHints":{"allow":["GET"]}}],"collection":[{"href":"https:\/\/zl.jewelry\/pl\/wp-json\/wp\/v2\/product"}],"about":[{"href":"https:\/\/zl.jewelry\/pl\/wp-json\/wp\/v2\/types\/product"}],"wp:featuredmedia":[{"embeddable":true,"href":"https:\/\/zl.jewelry\/pl\/wp-json\/wp\/v2\/media\/43818"}],"wp:attachment":[{"href":"https:\/\/zl.jewelry\/pl\/wp-json\/wp\/v2\/media?parent=43817"}],"wp:term":[{"taxonomy":"product_brand","embeddable":true,"href":"https:\/\/zl.jewelry\/pl\/wp-json\/wp\/v2\/product_brand?post=43817"},{"taxonomy":"product_cat","embeddable":true,"href":"https:\/\/zl.jewelry\/pl\/wp-json\/wp\/v2\/product_cat?post=43817"},{"taxonomy":"product_tag","embeddable":true,"href":"https:\/\/zl.jewelry\/pl\/wp-json\/wp\/v2\/product_tag?post=43817"}],"curies":[{"name":"wp","href":"https:\/\/api.w.org\/{rel}","templated":true}]}}