{"id":43807,"date":"2025-06-18T11:00:48","date_gmt":"2025-06-18T11:00:48","guid":{"rendered":"https:\/\/zl.jewelry\/product\/ring-save-and-save-2\/"},"modified":"2025-09-26T18:31:27","modified_gmt":"2025-09-26T18:31:27","slug":"ring-save-and-save-2","status":"publish","type":"product","link":"https:\/\/zl.jewelry\/pl\/product\/ring-save-and-save-2\/","title":{"rendered":"Pier\u015bcionek Save and Preserve"},"content":{"rendered":"<p>Obr\u0105czka m\u0119ska z czerwonego z\u0142ota, waga zale\u017cna od rozmiaru, szeroko\u015b\u0107 obr\u0105czki od 10 mm. Na przedniej stronie w centrum znajduje si\u0119 napis &quot;Panie zbaw i zachowaj&quot;, po bokach przedstawione s\u0105 na ca\u0142ej \u015brednicy krzy\u017ce. Na wewn\u0119trznej stronie znajduje si\u0119 pe\u0142ny tekst modlitwy &quot;Ojcze nasz&quot;. Pier\u015bcie\u0144 pokryty jest niello.<\/p>\n<p>_x000D_<\/p>\n","protected":false},"excerpt":{"rendered":"<p>Obr\u0105czka m\u0119ska z czerwonego z\u0142ota, waga zale\u017cna od rozmiaru, szeroko\u015b\u0107 obr\u0105czki od 10 mm. Na przedniej stronie w centrum znajduje si\u0119 napis &quot;Panie zbaw i zachowaj&quot;, po bokach przedstawione s\u0105 na ca\u0142ej \u015brednicy krzy\u017ce. Na wewn\u0119trznej stronie znajduje si\u0119 pe\u0142ny tekst modlitwy &quot;Ojcze nasz&quot;. Pier\u015bcie\u0144 pokryty jest niello. _x000D_<\/p>\n","protected":false},"featured_media":48547,"template":"","meta":{"_acf_changed":false},"product_brand":[],"product_cat":[517,588],"product_tag":[],"class_list":{"0":"post-43807","1":"product","2":"type-product","3":"status-publish","4":"has-post-thumbnail","6":"product_cat-mens-rings-and-seals-pl","7":"product_cat-smooth-rings-pl","9":"first","10":"instock","11":"product-type-simple"},"acf":[],"_links":{"self":[{"href":"https:\/\/zl.jewelry\/pl\/wp-json\/wp\/v2\/product\/43807","targetHints":{"allow":["GET"]}}],"collection":[{"href":"https:\/\/zl.jewelry\/pl\/wp-json\/wp\/v2\/product"}],"about":[{"href":"https:\/\/zl.jewelry\/pl\/wp-json\/wp\/v2\/types\/product"}],"wp:featuredmedia":[{"embeddable":true,"href":"https:\/\/zl.jewelry\/pl\/wp-json\/wp\/v2\/media\/48547"}],"wp:attachment":[{"href":"https:\/\/zl.jewelry\/pl\/wp-json\/wp\/v2\/media?parent=43807"}],"wp:term":[{"taxonomy":"product_brand","embeddable":true,"href":"https:\/\/zl.jewelry\/pl\/wp-json\/wp\/v2\/product_brand?post=43807"},{"taxonomy":"product_cat","embeddable":true,"href":"https:\/\/zl.jewelry\/pl\/wp-json\/wp\/v2\/product_cat?post=43807"},{"taxonomy":"product_tag","embeddable":true,"href":"https:\/\/zl.jewelry\/pl\/wp-json\/wp\/v2\/product_tag?post=43807"}],"curies":[{"name":"wp","href":"https:\/\/api.w.org\/{rel}","templated":true}]}}