{"id":43799,"date":"2025-06-18T11:00:48","date_gmt":"2025-06-18T11:00:48","guid":{"rendered":"https:\/\/zl.jewelry\/product\/wedding-ring-inseparable\/"},"modified":"2025-09-26T18:31:27","modified_gmt":"2025-09-26T18:31:27","slug":"wedding-ring-inseparable","status":"publish","type":"product","link":"https:\/\/zl.jewelry\/pl\/product\/wedding-ring-inseparable\/","title":{"rendered":"Obr\u0105czka &#8222;Nieroz\u0142\u0105czni&#8221;"},"content":{"rendered":"<p>Obr\u0105czki \u015blubne z czerwonego z\u0142ota. Na froncie wymodelowane s\u0105 paseczki oraz inicja\u0142y klienta w centralnej cz\u0119\u015bci (mo\u017cna umie\u015bci\u0107 w\u0142asne inicja\u0142y). Szeroko\u015b\u0107 obr\u0105czek to 7mm, grubo\u015b\u0107 obr\u0105czek to 1,2mm. Waga obr\u0105czek r&oacute;\u017cni si\u0119 w zale\u017cno\u015bci od rozmiaru.<\/p>\n<p>_x000D_<\/p>\n","protected":false},"excerpt":{"rendered":"<p>Obr\u0105czki \u015blubne z czerwonego z\u0142ota. Na froncie wymodelowane s\u0105 paseczki oraz inicja\u0142y klienta w centralnej cz\u0119\u015bci (mo\u017cna umie\u015bci\u0107 w\u0142asne inicja\u0142y). Szeroko\u015b\u0107 obr\u0105czek to 7mm, grubo\u015b\u0107 obr\u0105czek to 1,2mm. Waga obr\u0105czek r&oacute;\u017cni si\u0119 w zale\u017cno\u015bci od rozmiaru. _x000D_<\/p>\n","protected":false},"featured_media":43800,"template":"","meta":{"_acf_changed":false},"product_brand":[],"product_cat":[528,533],"product_tag":[],"class_list":{"0":"post-43799","1":"product","2":"type-product","3":"status-publish","4":"has-post-thumbnail","6":"product_cat-wedding-rings-pl","7":"product_cat-red-gold-wedding-rings-pl","9":"first","10":"instock","11":"product-type-simple"},"acf":[],"_links":{"self":[{"href":"https:\/\/zl.jewelry\/pl\/wp-json\/wp\/v2\/product\/43799","targetHints":{"allow":["GET"]}}],"collection":[{"href":"https:\/\/zl.jewelry\/pl\/wp-json\/wp\/v2\/product"}],"about":[{"href":"https:\/\/zl.jewelry\/pl\/wp-json\/wp\/v2\/types\/product"}],"wp:featuredmedia":[{"embeddable":true,"href":"https:\/\/zl.jewelry\/pl\/wp-json\/wp\/v2\/media\/43800"}],"wp:attachment":[{"href":"https:\/\/zl.jewelry\/pl\/wp-json\/wp\/v2\/media?parent=43799"}],"wp:term":[{"taxonomy":"product_brand","embeddable":true,"href":"https:\/\/zl.jewelry\/pl\/wp-json\/wp\/v2\/product_brand?post=43799"},{"taxonomy":"product_cat","embeddable":true,"href":"https:\/\/zl.jewelry\/pl\/wp-json\/wp\/v2\/product_cat?post=43799"},{"taxonomy":"product_tag","embeddable":true,"href":"https:\/\/zl.jewelry\/pl\/wp-json\/wp\/v2\/product_tag?post=43799"}],"curies":[{"name":"wp","href":"https:\/\/api.w.org\/{rel}","templated":true}]}}