{"id":43795,"date":"2025-06-18T11:00:48","date_gmt":"2025-06-18T11:00:48","guid":{"rendered":"https:\/\/zl.jewelry\/product\/bracelet-with-name-inserts\/"},"modified":"2026-04-20T13:44:16","modified_gmt":"2026-04-20T13:44:16","slug":"bracelet-with-name-inserts","status":"publish","type":"product","link":"https:\/\/zl.jewelry\/pl\/product\/bracelet-with-name-inserts\/","title":{"rendered":"Bransoletka z wstawk\u0105 imienia"},"content":{"rendered":"<p>Bransoletka z bia\u0142ego z\u0142ota, na sk\u00f3rze. Waga z\u0142ota w bransoletce to 19,44, przy d\u0142ugo\u015bci 20,5cm. Wk\u0142adki z imionami i datami urodzenia, pokryte czarn\u0105 emali\u0105. Pude\u0142ko zamykane na pojedynczy zamek, na odwrocie grawerowane drewno. Rodowane wstawki. Szeroko\u015b\u0107 sk\u00f3ry 10 mm.<\/p>\n","protected":false},"excerpt":{"rendered":"<p>Bransoletka z bia\u0142ego z\u0142ota, na sk\u00f3rze. Waga z\u0142ota w bransoletce to 19,44, przy d\u0142ugo\u015bci 20,5cm. Wk\u0142adki z imionami i datami urodzenia, pokryte czarn\u0105 emali\u0105. Pude\u0142ko zamykane na pojedynczy zamek, na odwrocie grawerowane drewno. Rodowane wstawki. Szeroko\u015b\u0107 sk\u00f3ry 10 mm.<\/p>\n","protected":false},"featured_media":43796,"template":"","meta":{"_acf_changed":false},"product_brand":[],"product_cat":[557,561,560],"product_tag":[],"class_list":{"0":"post-43795","1":"product","2":"type-product","3":"status-publish","4":"has-post-thumbnail","6":"product_cat-bracelets-pl","7":"product_cat-leather-bracelets-with-gold-inserts-pl","8":"product_cat-gold-bracelets-up-to-30-gr-pl","10":"first","11":"instock","12":"product-type-simple"},"acf":[],"_links":{"self":[{"href":"https:\/\/zl.jewelry\/pl\/wp-json\/wp\/v2\/product\/43795","targetHints":{"allow":["GET"]}}],"collection":[{"href":"https:\/\/zl.jewelry\/pl\/wp-json\/wp\/v2\/product"}],"about":[{"href":"https:\/\/zl.jewelry\/pl\/wp-json\/wp\/v2\/types\/product"}],"wp:featuredmedia":[{"embeddable":true,"href":"https:\/\/zl.jewelry\/pl\/wp-json\/wp\/v2\/media\/43796"}],"wp:attachment":[{"href":"https:\/\/zl.jewelry\/pl\/wp-json\/wp\/v2\/media?parent=43795"}],"wp:term":[{"taxonomy":"product_brand","embeddable":true,"href":"https:\/\/zl.jewelry\/pl\/wp-json\/wp\/v2\/product_brand?post=43795"},{"taxonomy":"product_cat","embeddable":true,"href":"https:\/\/zl.jewelry\/pl\/wp-json\/wp\/v2\/product_cat?post=43795"},{"taxonomy":"product_tag","embeddable":true,"href":"https:\/\/zl.jewelry\/pl\/wp-json\/wp\/v2\/product_tag?post=43795"}],"curies":[{"name":"wp","href":"https:\/\/api.w.org\/{rel}","templated":true}]}}