{"id":43765,"date":"2025-06-18T11:00:54","date_gmt":"2025-06-18T11:00:54","guid":{"rendered":"https:\/\/zl.jewelry\/product\/ring-wing-of-the-firebird-with-stones\/"},"modified":"2025-09-26T18:31:33","modified_gmt":"2025-09-26T18:31:33","slug":"ring-wing-of-the-firebird-with-stones","status":"publish","type":"product","link":"https:\/\/zl.jewelry\/pl\/product\/ring-wing-of-the-firebird-with-stones\/","title":{"rendered":"Pier\u015bcionek &#8222;Skrzyd\u0142o Ognistego Ptaka&#8221; z kamieniami"},"content":{"rendered":"<p>Pier\u015bcionek z czerwonego z\u0142ota i jeden element z bia\u0142ego z\u0142ota, platerowany rolye. Wstawki z kamieni Swarovski (mo\u017cna wstawi\u0107 dowolne kamienie), \u015brednica 1,25mm (25 szt). Waga zale\u017cy od rozmiapl bi\u017cuterii. Przy rozmiarze 17 waga z\u0142ota w pier\u015bcionku wynosi 6,12 grama.<\/p>\n","protected":false},"excerpt":{"rendered":"<p>Pier\u015bcionek z czerwonego z\u0142ota i jeden element z bia\u0142ego z\u0142ota, platerowany rolye. Wstawki z kamieni Swarovski (mo\u017cna wstawi\u0107 dowolne kamienie), \u015brednica 1,25mm (25 szt). Waga zale\u017cy od rozmiapl bi\u017cuterii. Przy rozmiarze 17 waga z\u0142ota w pier\u015bcionku wynosi 6,12 grama.<\/p>\n","protected":false},"featured_media":43766,"template":"","meta":{"_acf_changed":false},"product_brand":[],"product_cat":[514,518,519,522],"product_tag":[],"class_list":{"0":"post-43765","1":"product","2":"type-product","3":"status-publish","4":"has-post-thumbnail","6":"product_cat-golden-rings-pl","7":"product_cat-red-gold-rings-pl","8":"product_cat-rings-with-diamonds-pl","9":"product_cat-with-rocks-pl","11":"first","12":"instock","13":"product-type-simple"},"acf":[],"_links":{"self":[{"href":"https:\/\/zl.jewelry\/pl\/wp-json\/wp\/v2\/product\/43765","targetHints":{"allow":["GET"]}}],"collection":[{"href":"https:\/\/zl.jewelry\/pl\/wp-json\/wp\/v2\/product"}],"about":[{"href":"https:\/\/zl.jewelry\/pl\/wp-json\/wp\/v2\/types\/product"}],"wp:featuredmedia":[{"embeddable":true,"href":"https:\/\/zl.jewelry\/pl\/wp-json\/wp\/v2\/media\/43766"}],"wp:attachment":[{"href":"https:\/\/zl.jewelry\/pl\/wp-json\/wp\/v2\/media?parent=43765"}],"wp:term":[{"taxonomy":"product_brand","embeddable":true,"href":"https:\/\/zl.jewelry\/pl\/wp-json\/wp\/v2\/product_brand?post=43765"},{"taxonomy":"product_cat","embeddable":true,"href":"https:\/\/zl.jewelry\/pl\/wp-json\/wp\/v2\/product_cat?post=43765"},{"taxonomy":"product_tag","embeddable":true,"href":"https:\/\/zl.jewelry\/pl\/wp-json\/wp\/v2\/product_tag?post=43765"}],"curies":[{"name":"wp","href":"https:\/\/api.w.org\/{rel}","templated":true}]}}