{"id":43753,"date":"2025-06-18T11:00:54","date_gmt":"2025-06-18T11:00:54","guid":{"rendered":"https:\/\/zl.jewelry\/product\/engagement-ring-aelita\/"},"modified":"2025-09-26T18:31:32","modified_gmt":"2025-09-26T18:31:32","slug":"engagement-ring-aelita","status":"publish","type":"product","link":"https:\/\/zl.jewelry\/pl\/product\/engagement-ring-aelita\/","title":{"rendered":"Pier\u015bcionek zar\u0119czynowy &#8222;Aelita&#8221;"},"content":{"rendered":"<p>Pier\u015bcionek z bia\u0142ego z\u0142ota, rodowany, o rozmiarze 16.2, waga z\u0142ota w bi\u017cuterii to 3 gramy. \u015arodkowy kamie\u0144 ma \u015brednic\u0119 4,5 mm, boczne kamienie maj\u0105 \u015brednic\u0119 1,00 mm. Dowolne kamienie mog\u0105 by\u0107 ustawione zgodnie z \u017cyczeniem klienta. Waga r&oacute;\u017cni si\u0119 w zale\u017cno\u015bci od rozmiaru.<\/p>\n<p>_x000D_<\/p>\n","protected":false},"excerpt":{"rendered":"<p>Pier\u015bcionek z bia\u0142ego z\u0142ota, rodowany, o rozmiarze 16.2, waga z\u0142ota w bi\u017cuterii to 3 gramy. \u015arodkowy kamie\u0144 ma \u015brednic\u0119 4,5 mm, boczne kamienie maj\u0105 \u015brednic\u0119 1,00 mm. Dowolne kamienie mog\u0105 by\u0107 ustawione zgodnie z \u017cyczeniem klienta. Waga r&oacute;\u017cni si\u0119 w zale\u017cno\u015bci od rozmiaru. _x000D_<\/p>\n","protected":false},"featured_media":43754,"template":"","meta":{"_acf_changed":false},"product_brand":[],"product_cat":[523,527],"product_tag":[],"class_list":{"0":"post-43753","1":"product","2":"type-product","3":"status-publish","4":"has-post-thumbnail","6":"product_cat-engagement-rings-pl","7":"product_cat-white-gold-engagement-rings-pl","9":"first","10":"instock","11":"product-type-simple"},"acf":[],"_links":{"self":[{"href":"https:\/\/zl.jewelry\/pl\/wp-json\/wp\/v2\/product\/43753","targetHints":{"allow":["GET"]}}],"collection":[{"href":"https:\/\/zl.jewelry\/pl\/wp-json\/wp\/v2\/product"}],"about":[{"href":"https:\/\/zl.jewelry\/pl\/wp-json\/wp\/v2\/types\/product"}],"wp:featuredmedia":[{"embeddable":true,"href":"https:\/\/zl.jewelry\/pl\/wp-json\/wp\/v2\/media\/43754"}],"wp:attachment":[{"href":"https:\/\/zl.jewelry\/pl\/wp-json\/wp\/v2\/media?parent=43753"}],"wp:term":[{"taxonomy":"product_brand","embeddable":true,"href":"https:\/\/zl.jewelry\/pl\/wp-json\/wp\/v2\/product_brand?post=43753"},{"taxonomy":"product_cat","embeddable":true,"href":"https:\/\/zl.jewelry\/pl\/wp-json\/wp\/v2\/product_cat?post=43753"},{"taxonomy":"product_tag","embeddable":true,"href":"https:\/\/zl.jewelry\/pl\/wp-json\/wp\/v2\/product_tag?post=43753"}],"curies":[{"name":"wp","href":"https:\/\/api.w.org\/{rel}","templated":true}]}}