{"id":43740,"date":"2025-06-18T11:01:01","date_gmt":"2025-06-18T11:01:01","guid":{"rendered":"https:\/\/zl.jewelry\/product\/ring-happy-union-with-diamonds\/"},"modified":"2025-09-26T18:31:40","modified_gmt":"2025-09-26T18:31:40","slug":"ring-happy-union-with-diamonds","status":"publish","type":"product","link":"https:\/\/zl.jewelry\/pl\/product\/ring-happy-union-with-diamonds\/","title":{"rendered":"Pier\u015bcionek &#8222;Happy Union&#8221; z diamentami"},"content":{"rendered":"<p>Pier\u015bcionki zar\u0119czynowe z bia\u0142ego z\u0142ota, rodowane. M\u0119ski pier\u015bcionek jest w stylu ameryka\u0144skim, a damski pier\u015bcionek ma trzy cz\u0119\u015bci, kt\u00f3re s\u0105 po\u0142\u0105czone szprychami, \u015brodkowa cz\u0119\u015b\u0107 jest wysadzana kamieniami o \u015brednicy 1,75 mm (15 sztuk)..&nbsp; Waga jest skorelowana z&#038;nbsprozmiarem. Projekt mo\u017ce zosta\u0107 zmieniony zgodnie z \u017cyczeniem klienta.<\/p>\n","protected":false},"excerpt":{"rendered":"<p>Pier\u015bcionki zar\u0119czynowe z bia\u0142ego z\u0142ota, rodowane. M\u0119ski pier\u015bcionek jest w stylu ameryka\u0144skim, a damski pier\u015bcionek ma trzy cz\u0119\u015bci, kt\u00f3re s\u0105 po\u0142\u0105czone szprychami, \u015brodkowa cz\u0119\u015b\u0107 jest wysadzana kamieniami o \u015brednicy 1,75 mm (15 sztuk)..&nbsp; Waga jest skorelowana z&#038;nbsprozmiarem. Projekt mo\u017ce zosta\u0107 zmieniony zgodnie z \u017cyczeniem klienta.<\/p>\n","protected":false},"featured_media":43744,"template":"","meta":{"_acf_changed":false},"product_brand":[],"product_cat":[528,536,537,535],"product_tag":[],"class_list":{"0":"post-43740","1":"product","2":"type-product","3":"status-publish","4":"has-post-thumbnail","6":"product_cat-wedding-rings-pl","7":"product_cat-white-gold-wedding-rings-pl","8":"product_cat-with-rocks-4-pl","9":"product_cat-wedding-rings-with-diamonds-pl","11":"first","12":"instock","13":"product-type-simple"},"acf":[],"_links":{"self":[{"href":"https:\/\/zl.jewelry\/pl\/wp-json\/wp\/v2\/product\/43740","targetHints":{"allow":["GET"]}}],"collection":[{"href":"https:\/\/zl.jewelry\/pl\/wp-json\/wp\/v2\/product"}],"about":[{"href":"https:\/\/zl.jewelry\/pl\/wp-json\/wp\/v2\/types\/product"}],"wp:featuredmedia":[{"embeddable":true,"href":"https:\/\/zl.jewelry\/pl\/wp-json\/wp\/v2\/media\/43744"}],"wp:attachment":[{"href":"https:\/\/zl.jewelry\/pl\/wp-json\/wp\/v2\/media?parent=43740"}],"wp:term":[{"taxonomy":"product_brand","embeddable":true,"href":"https:\/\/zl.jewelry\/pl\/wp-json\/wp\/v2\/product_brand?post=43740"},{"taxonomy":"product_cat","embeddable":true,"href":"https:\/\/zl.jewelry\/pl\/wp-json\/wp\/v2\/product_cat?post=43740"},{"taxonomy":"product_tag","embeddable":true,"href":"https:\/\/zl.jewelry\/pl\/wp-json\/wp\/v2\/product_tag?post=43740"}],"curies":[{"name":"wp","href":"https:\/\/api.w.org\/{rel}","templated":true}]}}