{"id":43723,"date":"2025-06-18T11:01:01","date_gmt":"2025-06-18T11:01:01","guid":{"rendered":"https:\/\/zl.jewelry\/product\/wedding-ring-vanguard\/"},"modified":"2025-09-26T18:31:39","modified_gmt":"2025-09-26T18:31:39","slug":"wedding-ring-vanguard","status":"publish","type":"product","link":"https:\/\/zl.jewelry\/pl\/product\/wedding-ring-vanguard\/","title":{"rendered":"Obr\u0105czka &#8222;Vanguard&#8221;"},"content":{"rendered":"<p>Pier\u015bcionek z czerwonego z\u0142ota pr&oacute;by 585*, rozmiar 21, waga 6,31 grama, szeroko\u015b\u0107 3,72 mm, grubo\u015b\u0107 2,26 mm.<\/p>\n<p>_x000D_<\/p>\n","protected":false},"excerpt":{"rendered":"<p>Pier\u015bcionek z czerwonego z\u0142ota pr&oacute;by 585*, rozmiar 21, waga 6,31 grama, szeroko\u015b\u0107 3,72 mm, grubo\u015b\u0107 2,26 mm. _x000D_<\/p>\n","protected":false},"featured_media":43726,"template":"","meta":{"_acf_changed":false},"product_brand":[],"product_cat":[528,533],"product_tag":[],"class_list":{"0":"post-43723","1":"product","2":"type-product","3":"status-publish","4":"has-post-thumbnail","6":"product_cat-wedding-rings-pl","7":"product_cat-red-gold-wedding-rings-pl","9":"first","10":"instock","11":"product-type-simple"},"acf":[],"_links":{"self":[{"href":"https:\/\/zl.jewelry\/pl\/wp-json\/wp\/v2\/product\/43723","targetHints":{"allow":["GET"]}}],"collection":[{"href":"https:\/\/zl.jewelry\/pl\/wp-json\/wp\/v2\/product"}],"about":[{"href":"https:\/\/zl.jewelry\/pl\/wp-json\/wp\/v2\/types\/product"}],"wp:featuredmedia":[{"embeddable":true,"href":"https:\/\/zl.jewelry\/pl\/wp-json\/wp\/v2\/media\/43726"}],"wp:attachment":[{"href":"https:\/\/zl.jewelry\/pl\/wp-json\/wp\/v2\/media?parent=43723"}],"wp:term":[{"taxonomy":"product_brand","embeddable":true,"href":"https:\/\/zl.jewelry\/pl\/wp-json\/wp\/v2\/product_brand?post=43723"},{"taxonomy":"product_cat","embeddable":true,"href":"https:\/\/zl.jewelry\/pl\/wp-json\/wp\/v2\/product_cat?post=43723"},{"taxonomy":"product_tag","embeddable":true,"href":"https:\/\/zl.jewelry\/pl\/wp-json\/wp\/v2\/product_tag?post=43723"}],"curies":[{"name":"wp","href":"https:\/\/api.w.org\/{rel}","templated":true}]}}