{"id":43717,"date":"2025-06-18T11:01:01","date_gmt":"2025-06-18T11:01:01","guid":{"rendered":"https:\/\/zl.jewelry\/product\/white-gold-ring-with-massive-stone\/"},"modified":"2025-09-26T18:31:39","modified_gmt":"2025-09-26T18:31:39","slug":"white-gold-ring-with-massive-stone","status":"publish","type":"product","link":"https:\/\/zl.jewelry\/pl\/product\/white-gold-ring-with-massive-stone\/","title":{"rendered":"Pier\u015bcionek z bia\u0142ego z\u0142ota z masywnym kamieniem"},"content":{"rendered":"","protected":false},"excerpt":{"rendered":"","protected":false},"featured_media":43718,"template":"","meta":{"_acf_changed":false},"product_brand":[],"product_cat":[514,516,520,522],"product_tag":[],"class_list":{"0":"post-43717","1":"product","2":"type-product","3":"status-publish","4":"has-post-thumbnail","6":"product_cat-golden-rings-pl","7":"product_cat-massive-pl","8":"product_cat-white-gold-rings-pl","9":"product_cat-with-rocks-pl","11":"first","12":"instock","13":"product-type-simple"},"acf":[],"_links":{"self":[{"href":"https:\/\/zl.jewelry\/pl\/wp-json\/wp\/v2\/product\/43717","targetHints":{"allow":["GET"]}}],"collection":[{"href":"https:\/\/zl.jewelry\/pl\/wp-json\/wp\/v2\/product"}],"about":[{"href":"https:\/\/zl.jewelry\/pl\/wp-json\/wp\/v2\/types\/product"}],"wp:featuredmedia":[{"embeddable":true,"href":"https:\/\/zl.jewelry\/pl\/wp-json\/wp\/v2\/media\/43718"}],"wp:attachment":[{"href":"https:\/\/zl.jewelry\/pl\/wp-json\/wp\/v2\/media?parent=43717"}],"wp:term":[{"taxonomy":"product_brand","embeddable":true,"href":"https:\/\/zl.jewelry\/pl\/wp-json\/wp\/v2\/product_brand?post=43717"},{"taxonomy":"product_cat","embeddable":true,"href":"https:\/\/zl.jewelry\/pl\/wp-json\/wp\/v2\/product_cat?post=43717"},{"taxonomy":"product_tag","embeddable":true,"href":"https:\/\/zl.jewelry\/pl\/wp-json\/wp\/v2\/product_tag?post=43717"}],"curies":[{"name":"wp","href":"https:\/\/api.w.org\/{rel}","templated":true}]}}