{"id":43715,"date":"2025-06-18T11:01:01","date_gmt":"2025-06-18T11:01:01","guid":{"rendered":"https:\/\/zl.jewelry\/product\/suspension-cloud-with-topaz-on-the-anchor-chain\/"},"modified":"2025-09-26T18:31:38","modified_gmt":"2025-09-26T18:31:38","slug":"suspension-cloud-with-topaz-on-the-anchor-chain","status":"publish","type":"product","link":"https:\/\/zl.jewelry\/pl\/product\/suspension-cloud-with-topaz-on-the-anchor-chain\/","title":{"rendered":"Wisiorek &#8222;Chmurka&#8221; z topazem na \u0142a\u0144cuszku z kotwic\u0105"},"content":{"rendered":"<p>Kolia z po\u0142\u0105czenia bia\u0142ego i cytrynowego z\u0142ota. D\u0142ugo\u015b\u0107 45 cm, waga z\u0142ota w bi\u017cuterii wynosi 12,87 grama. Podstawa z cytrynowego z\u0142ota, jedna chmurka z bia\u0142ego z\u0142ota, pokryta rodem. Na dole znajduje si\u0119 wisiorek z kamieniem o szlifie briolette, o \u015brednicy 6,00&#215;4,00 mm.<\/p>\n<p>_x000D_<\/p>\n","protected":false},"excerpt":{"rendered":"<p>Kolia z po\u0142\u0105czenia bia\u0142ego i cytrynowego z\u0142ota. D\u0142ugo\u015b\u0107 45 cm, waga z\u0142ota w bi\u017cuterii wynosi 12,87 grama. Podstawa z cytrynowego z\u0142ota, jedna chmurka z bia\u0142ego z\u0142ota, pokryta rodem. Na dole znajduje si\u0119 wisiorek z kamieniem o szlifie briolette, o \u015brednicy 6,00&#215;4,00 mm. _x000D_<\/p>\n","protected":false},"featured_media":43716,"template":"","meta":{"_acf_changed":false},"product_brand":[],"product_cat":[571,574],"product_tag":[],"class_list":{"0":"post-43715","1":"product","2":"type-product","3":"status-publish","4":"has-post-thumbnail","6":"product_cat-exclusive-necklaces-pl","7":"product_cat-with-rocks-3-pl","9":"first","10":"instock","11":"product-type-simple"},"acf":[],"_links":{"self":[{"href":"https:\/\/zl.jewelry\/pl\/wp-json\/wp\/v2\/product\/43715","targetHints":{"allow":["GET"]}}],"collection":[{"href":"https:\/\/zl.jewelry\/pl\/wp-json\/wp\/v2\/product"}],"about":[{"href":"https:\/\/zl.jewelry\/pl\/wp-json\/wp\/v2\/types\/product"}],"wp:featuredmedia":[{"embeddable":true,"href":"https:\/\/zl.jewelry\/pl\/wp-json\/wp\/v2\/media\/43716"}],"wp:attachment":[{"href":"https:\/\/zl.jewelry\/pl\/wp-json\/wp\/v2\/media?parent=43715"}],"wp:term":[{"taxonomy":"product_brand","embeddable":true,"href":"https:\/\/zl.jewelry\/pl\/wp-json\/wp\/v2\/product_brand?post=43715"},{"taxonomy":"product_cat","embeddable":true,"href":"https:\/\/zl.jewelry\/pl\/wp-json\/wp\/v2\/product_cat?post=43715"},{"taxonomy":"product_tag","embeddable":true,"href":"https:\/\/zl.jewelry\/pl\/wp-json\/wp\/v2\/product_tag?post=43715"}],"curies":[{"name":"wp","href":"https:\/\/api.w.org\/{rel}","templated":true}]}}