{"id":43710,"date":"2025-06-18T11:01:01","date_gmt":"2025-06-18T11:01:01","guid":{"rendered":"https:\/\/zl.jewelry\/product\/necklace-anna-on-the-anchor-chain\/"},"modified":"2025-09-26T18:31:38","modified_gmt":"2025-09-26T18:31:38","slug":"necklace-anna-on-the-anchor-chain","status":"publish","type":"product","link":"https:\/\/zl.jewelry\/pl\/product\/necklace-anna-on-the-anchor-chain\/","title":{"rendered":"Kolia &#8222;Anna&#8221; na \u0142a\u0144cuszku z kotwic\u0105"},"content":{"rendered":"","protected":false},"excerpt":{"rendered":"","protected":false},"featured_media":43711,"template":"","meta":{"_acf_changed":false},"product_brand":[],"product_cat":[571,573,563,564,568],"product_tag":[],"class_list":{"0":"post-43710","1":"product","2":"type-product","3":"status-publish","4":"has-post-thumbnail","6":"product_cat-exclusive-necklaces-pl","7":"product_cat-without-inserts-3-pl","8":"product_cat-gold-pendants-pl","9":"product_cat-nominal-pl","10":"product_cat-without-inserts-2-pl","12":"first","13":"instock","14":"product-type-simple"},"acf":[],"_links":{"self":[{"href":"https:\/\/zl.jewelry\/pl\/wp-json\/wp\/v2\/product\/43710","targetHints":{"allow":["GET"]}}],"collection":[{"href":"https:\/\/zl.jewelry\/pl\/wp-json\/wp\/v2\/product"}],"about":[{"href":"https:\/\/zl.jewelry\/pl\/wp-json\/wp\/v2\/types\/product"}],"wp:featuredmedia":[{"embeddable":true,"href":"https:\/\/zl.jewelry\/pl\/wp-json\/wp\/v2\/media\/43711"}],"wp:attachment":[{"href":"https:\/\/zl.jewelry\/pl\/wp-json\/wp\/v2\/media?parent=43710"}],"wp:term":[{"taxonomy":"product_brand","embeddable":true,"href":"https:\/\/zl.jewelry\/pl\/wp-json\/wp\/v2\/product_brand?post=43710"},{"taxonomy":"product_cat","embeddable":true,"href":"https:\/\/zl.jewelry\/pl\/wp-json\/wp\/v2\/product_cat?post=43710"},{"taxonomy":"product_tag","embeddable":true,"href":"https:\/\/zl.jewelry\/pl\/wp-json\/wp\/v2\/product_tag?post=43710"}],"curies":[{"name":"wp","href":"https:\/\/api.w.org\/{rel}","templated":true}]}}