{"id":43706,"date":"2025-06-18T11:01:01","date_gmt":"2025-06-18T11:01:01","guid":{"rendered":"https:\/\/zl.jewelry\/product\/ring-infinity-with-a-scattering-of-stones\/"},"modified":"2026-04-20T09:12:15","modified_gmt":"2026-04-20T09:12:15","slug":"ring-infinity-with-a-scattering-of-stones","status":"publish","type":"product","link":"https:\/\/zl.jewelry\/pl\/product\/ring-infinity-with-a-scattering-of-stones\/","title":{"rendered":"Pier\u015bcionek &#8222;\u015awiat\u0142o niesko\u0144czono\u015bci&#8221; z rozproszonymi kamieniami"},"content":{"rendered":"<p><span style=\"background-color: #ffffff; color: #1d2129; font-family: segoe ui historic,segoe ui,helvetica,arial,sans-serif; font-size: 14px;\"><span style=\"font-family: georgia,serif;\">Pier\u015bcionek ze znakiem niesko\u0144czono\u015bci ozdobiony fianitami mo\u017ce sta\u0107 si\u0119 nie tylko jednym z element\u00f3w bi\u017cuterii, ale tak\u017ce talizmanem szcz\u0119\u015bcia lub symbolem lojalno\u015bci kochank\u00f3w.;<\/span><\/span><br \/>\n<span style=\"font-family: georgia,serif;\"><span style=\"background-color: #ffffff; color: #1d2129; font-size: 14px;\">\u0422aki produkt powie wiele o jego w\u0142a\u015bcicielce, odzwierciedli jej pragnienie ci\u0105g\u0142ego rozwoju i bezgranicznego samodoskonalenia.<\/span><\/span><\/p>\n","protected":false},"excerpt":{"rendered":"<p>Pier\u015bcionek ze znakiem niesko\u0144czono\u015bci ozdobiony fianitami mo\u017ce sta\u0107 si\u0119 nie tylko jednym z element\u00f3w bi\u017cuterii, ale tak\u017ce talizmanem szcz\u0119\u015bcia lub symbolem lojalno\u015bci kochank\u00f3w.; \u0422aki produkt powie wiele o jego w\u0142a\u015bcicielce, odzwierciedli jej pragnienie ci\u0105g\u0142ego rozwoju i bezgranicznego samodoskonalenia.<\/p>\n","protected":false},"featured_media":43707,"template":"","meta":{"_acf_changed":false},"product_brand":[],"product_cat":[518,519,522,514],"product_tag":[],"class_list":{"0":"post-43706","1":"product","2":"type-product","3":"status-publish","4":"has-post-thumbnail","6":"product_cat-red-gold-rings-pl","7":"product_cat-rings-with-diamonds-pl","8":"product_cat-with-rocks-pl","9":"product_cat-golden-rings-pl","11":"first","12":"instock","13":"product-type-simple"},"acf":[],"_links":{"self":[{"href":"https:\/\/zl.jewelry\/pl\/wp-json\/wp\/v2\/product\/43706","targetHints":{"allow":["GET"]}}],"collection":[{"href":"https:\/\/zl.jewelry\/pl\/wp-json\/wp\/v2\/product"}],"about":[{"href":"https:\/\/zl.jewelry\/pl\/wp-json\/wp\/v2\/types\/product"}],"wp:featuredmedia":[{"embeddable":true,"href":"https:\/\/zl.jewelry\/pl\/wp-json\/wp\/v2\/media\/43707"}],"wp:attachment":[{"href":"https:\/\/zl.jewelry\/pl\/wp-json\/wp\/v2\/media?parent=43706"}],"wp:term":[{"taxonomy":"product_brand","embeddable":true,"href":"https:\/\/zl.jewelry\/pl\/wp-json\/wp\/v2\/product_brand?post=43706"},{"taxonomy":"product_cat","embeddable":true,"href":"https:\/\/zl.jewelry\/pl\/wp-json\/wp\/v2\/product_cat?post=43706"},{"taxonomy":"product_tag","embeddable":true,"href":"https:\/\/zl.jewelry\/pl\/wp-json\/wp\/v2\/product_tag?post=43706"}],"curies":[{"name":"wp","href":"https:\/\/api.w.org\/{rel}","templated":true}]}}