{"id":43686,"date":"2025-06-18T11:01:07","date_gmt":"2025-06-18T11:01:07","guid":{"rendered":"https:\/\/zl.jewelry\/product\/ring-miss-perfection-with-diamonds\/"},"modified":"2025-09-26T18:31:46","modified_gmt":"2025-09-26T18:31:46","slug":"ring-miss-perfection-with-diamonds","status":"publish","type":"product","link":"https:\/\/zl.jewelry\/pl\/product\/ring-miss-perfection-with-diamonds\/","title":{"rendered":"Pier\u015bcionek &#8222;Miss Perfection&#8221; z brylantami"},"content":{"rendered":"<p>Oryginalny pier\u015bcionek zar\u0119czynowy w po\u0142\u0105czeniu czerwonego i bia\u0142ego z\u0142ota. Waga z\u0142ota jest w stosunku do rozmiapl, przy przybli\u017conym rozmiarze 19,5 waga z\u0142ota wynosi 2,60 grama, mo\u017ce by\u0107 wykonany w dowolnym rozmiarze. Cz\u0119\u015bci z bia\u0142ego z\u0142ota s\u0105 rodowane.&nbsp;<\/p>\n","protected":false},"excerpt":{"rendered":"<p>Oryginalny pier\u015bcionek zar\u0119czynowy w po\u0142\u0105czeniu czerwonego i bia\u0142ego z\u0142ota. Waga z\u0142ota jest w stosunku do rozmiapl, przy przybli\u017conym rozmiarze 19,5 waga z\u0142ota wynosi 2,60 grama, mo\u017ce by\u0107 wykonany w dowolnym rozmiarze. Cz\u0119\u015bci z bia\u0142ego z\u0142ota s\u0105 rodowane.&nbsp;<\/p>\n","protected":false},"featured_media":43687,"template":"","meta":{"_acf_changed":false},"product_brand":[],"product_cat":[523,524],"product_tag":[],"class_list":{"0":"post-43686","1":"product","2":"type-product","3":"status-publish","4":"has-post-thumbnail","6":"product_cat-engagement-rings-pl","7":"product_cat-engagement-rings-with-diamonds-pl","9":"first","10":"instock","11":"product-type-simple"},"acf":[],"_links":{"self":[{"href":"https:\/\/zl.jewelry\/pl\/wp-json\/wp\/v2\/product\/43686","targetHints":{"allow":["GET"]}}],"collection":[{"href":"https:\/\/zl.jewelry\/pl\/wp-json\/wp\/v2\/product"}],"about":[{"href":"https:\/\/zl.jewelry\/pl\/wp-json\/wp\/v2\/types\/product"}],"wp:featuredmedia":[{"embeddable":true,"href":"https:\/\/zl.jewelry\/pl\/wp-json\/wp\/v2\/media\/43687"}],"wp:attachment":[{"href":"https:\/\/zl.jewelry\/pl\/wp-json\/wp\/v2\/media?parent=43686"}],"wp:term":[{"taxonomy":"product_brand","embeddable":true,"href":"https:\/\/zl.jewelry\/pl\/wp-json\/wp\/v2\/product_brand?post=43686"},{"taxonomy":"product_cat","embeddable":true,"href":"https:\/\/zl.jewelry\/pl\/wp-json\/wp\/v2\/product_cat?post=43686"},{"taxonomy":"product_tag","embeddable":true,"href":"https:\/\/zl.jewelry\/pl\/wp-json\/wp\/v2\/product_tag?post=43686"}],"curies":[{"name":"wp","href":"https:\/\/api.w.org\/{rel}","templated":true}]}}