{"id":43664,"date":"2025-06-18T11:01:07","date_gmt":"2025-06-18T11:01:07","guid":{"rendered":"https:\/\/zl.jewelry\/product\/ring-rose-with-stones\/"},"modified":"2025-09-26T18:31:43","modified_gmt":"2025-09-26T18:31:43","slug":"ring-rose-with-stones","status":"publish","type":"product","link":"https:\/\/zl.jewelry\/pl\/product\/ring-rose-with-stones\/","title":{"rendered":"Pier\u015bcionek &#8222;R\u00f3\u017ca&#8221; z kamieniami"},"content":{"rendered":"","protected":false},"excerpt":{"rendered":"","protected":false},"featured_media":43665,"template":"","meta":{"_acf_changed":false},"product_brand":[],"product_cat":[514,518,522],"product_tag":[],"class_list":{"0":"post-43664","1":"product","2":"type-product","3":"status-publish","4":"has-post-thumbnail","6":"product_cat-golden-rings-pl","7":"product_cat-red-gold-rings-pl","8":"product_cat-with-rocks-pl","10":"first","11":"instock","12":"product-type-simple"},"acf":[],"_links":{"self":[{"href":"https:\/\/zl.jewelry\/pl\/wp-json\/wp\/v2\/product\/43664","targetHints":{"allow":["GET"]}}],"collection":[{"href":"https:\/\/zl.jewelry\/pl\/wp-json\/wp\/v2\/product"}],"about":[{"href":"https:\/\/zl.jewelry\/pl\/wp-json\/wp\/v2\/types\/product"}],"wp:featuredmedia":[{"embeddable":true,"href":"https:\/\/zl.jewelry\/pl\/wp-json\/wp\/v2\/media\/43665"}],"wp:attachment":[{"href":"https:\/\/zl.jewelry\/pl\/wp-json\/wp\/v2\/media?parent=43664"}],"wp:term":[{"taxonomy":"product_brand","embeddable":true,"href":"https:\/\/zl.jewelry\/pl\/wp-json\/wp\/v2\/product_brand?post=43664"},{"taxonomy":"product_cat","embeddable":true,"href":"https:\/\/zl.jewelry\/pl\/wp-json\/wp\/v2\/product_cat?post=43664"},{"taxonomy":"product_tag","embeddable":true,"href":"https:\/\/zl.jewelry\/pl\/wp-json\/wp\/v2\/product_tag?post=43664"}],"curies":[{"name":"wp","href":"https:\/\/api.w.org\/{rel}","templated":true}]}}