{"id":43658,"date":"2025-06-18T11:01:07","date_gmt":"2025-06-18T11:01:07","guid":{"rendered":"https:\/\/zl.jewelry\/product\/wedding-rings-connected-destinies-2\/"},"modified":"2025-09-26T18:31:43","modified_gmt":"2025-09-26T18:31:43","slug":"wedding-rings-connected-destinies-2","status":"publish","type":"product","link":"https:\/\/zl.jewelry\/pl\/product\/wedding-rings-connected-destinies-2\/","title":{"rendered":"Obr\u0105czki \u015blubne &#8222;Zwi\u0105zane losy&#8221;"},"content":{"rendered":"<p>Obr\u0105czki \u015blubne w kolorze czerwonego i bia\u0142ego z\u0142ota. Podstawa w kolorze czerwonym, \u015brodkowa cz\u0119\u015b\u0107 w formie \u0142a\u0144cuszka w kolorze bia\u0142ego z\u0142ota, rodowana. \u0141a\u0144cuszek jest wysadzany kamieniami o \u015brednicy 2 mm (39 sztuk) i 1,5 mm (40 sztuk) na ko\u0144cach. Waga bi\u017cuterii zmienia si\u0119 w zale\u017cno\u015bci od rozmiapl. Na wewn\u0119trznej cz\u0119\u015bci pier\u015bcionka wymodelowany jest&nbsp;napis, na \u017cyczenie klienta.<\/p>\n<p>_x000D_<\/p>\n","protected":false},"excerpt":{"rendered":"<p>Obr\u0105czki \u015blubne w kolorze czerwonego i bia\u0142ego z\u0142ota. Podstawa w kolorze czerwonym, \u015brodkowa cz\u0119\u015b\u0107 w formie \u0142a\u0144cuszka w kolorze bia\u0142ego z\u0142ota, rodowana. \u0141a\u0144cuszek jest wysadzany kamieniami o \u015brednicy 2 mm (39 sztuk) i 1,5 mm (40 sztuk) na ko\u0144cach. Waga bi\u017cuterii zmienia si\u0119 w zale\u017cno\u015bci od rozmiapl. Na wewn\u0119trznej cz\u0119\u015bci pier\u015bcionka wymodelowany jest&nbsp;napis, na \u017cyczenie&#8230;<\/p>\n","protected":false},"featured_media":43663,"template":"","meta":{"_acf_changed":false},"product_brand":[],"product_cat":[528,530,537,535,531],"product_tag":[],"class_list":{"0":"post-43658","1":"product","2":"type-product","3":"status-publish","4":"has-post-thumbnail","6":"product_cat-wedding-rings-pl","7":"product_cat-combined-wedding-rings-pl","8":"product_cat-with-rocks-4-pl","9":"product_cat-wedding-rings-with-diamonds-pl","10":"product_cat-elite-wedding-rings-pl","12":"first","13":"instock","14":"product-type-simple"},"acf":[],"_links":{"self":[{"href":"https:\/\/zl.jewelry\/pl\/wp-json\/wp\/v2\/product\/43658","targetHints":{"allow":["GET"]}}],"collection":[{"href":"https:\/\/zl.jewelry\/pl\/wp-json\/wp\/v2\/product"}],"about":[{"href":"https:\/\/zl.jewelry\/pl\/wp-json\/wp\/v2\/types\/product"}],"wp:featuredmedia":[{"embeddable":true,"href":"https:\/\/zl.jewelry\/pl\/wp-json\/wp\/v2\/media\/43663"}],"wp:attachment":[{"href":"https:\/\/zl.jewelry\/pl\/wp-json\/wp\/v2\/media?parent=43658"}],"wp:term":[{"taxonomy":"product_brand","embeddable":true,"href":"https:\/\/zl.jewelry\/pl\/wp-json\/wp\/v2\/product_brand?post=43658"},{"taxonomy":"product_cat","embeddable":true,"href":"https:\/\/zl.jewelry\/pl\/wp-json\/wp\/v2\/product_cat?post=43658"},{"taxonomy":"product_tag","embeddable":true,"href":"https:\/\/zl.jewelry\/pl\/wp-json\/wp\/v2\/product_tag?post=43658"}],"curies":[{"name":"wp","href":"https:\/\/api.w.org\/{rel}","templated":true}]}}