{"id":43640,"date":"2025-06-18T11:01:12","date_gmt":"2025-06-18T11:01:12","guid":{"rendered":"https:\/\/zl.jewelry\/product\/earrings-chamomile-with-a-leaf\/"},"modified":"2025-09-26T18:31:51","modified_gmt":"2025-09-26T18:31:51","slug":"earrings-chamomile-with-a-leaf","status":"publish","type":"product","link":"https:\/\/zl.jewelry\/pl\/product\/earrings-chamomile-with-a-leaf\/","title":{"rendered":"Kolczyki &#8222;Chamomile&#8221; z li\u015bciem"},"content":{"rendered":"<p>Kolczyki &quot;plmianek&quot; z czerwonego z\u0142ota z kamieniami, para o wadze 1,90 grama. Zestaw z kamieniami, przybli\u017cona \u015brednica 2,3 mm; i markizy 4,3 x 2 mm.<\/p>\n<p>_x000D_<\/p>\n","protected":false},"excerpt":{"rendered":"<p>Kolczyki &quot;plmianek&quot; z czerwonego z\u0142ota z kamieniami, para o wadze 1,90 grama. Zestaw z kamieniami, przybli\u017cona \u015brednica 2,3 mm; i markizy 4,3 x 2 mm. _x000D_<\/p>\n","protected":false},"featured_media":43641,"template":"","meta":{"_acf_changed":false},"product_brand":[],"product_cat":[538,539,545,546,548,550],"product_tag":[],"class_list":{"0":"post-43640","1":"product","2":"type-product","3":"status-publish","4":"has-post-thumbnail","6":"product_cat-gold-earrings-pl","7":"product_cat-baby-pl","8":"product_cat-earrings-up-to-5g-pl","9":"product_cat-earrings-with-diamonds-pl","10":"product_cat-earrings-with-stones-pl","11":"product_cat-with-cubic-zirkonia-pl","13":"first","14":"instock","15":"product-type-simple"},"acf":[],"_links":{"self":[{"href":"https:\/\/zl.jewelry\/pl\/wp-json\/wp\/v2\/product\/43640","targetHints":{"allow":["GET"]}}],"collection":[{"href":"https:\/\/zl.jewelry\/pl\/wp-json\/wp\/v2\/product"}],"about":[{"href":"https:\/\/zl.jewelry\/pl\/wp-json\/wp\/v2\/types\/product"}],"wp:featuredmedia":[{"embeddable":true,"href":"https:\/\/zl.jewelry\/pl\/wp-json\/wp\/v2\/media\/43641"}],"wp:attachment":[{"href":"https:\/\/zl.jewelry\/pl\/wp-json\/wp\/v2\/media?parent=43640"}],"wp:term":[{"taxonomy":"product_brand","embeddable":true,"href":"https:\/\/zl.jewelry\/pl\/wp-json\/wp\/v2\/product_brand?post=43640"},{"taxonomy":"product_cat","embeddable":true,"href":"https:\/\/zl.jewelry\/pl\/wp-json\/wp\/v2\/product_cat?post=43640"},{"taxonomy":"product_tag","embeddable":true,"href":"https:\/\/zl.jewelry\/pl\/wp-json\/wp\/v2\/product_tag?post=43640"}],"curies":[{"name":"wp","href":"https:\/\/api.w.org\/{rel}","templated":true}]}}