{"id":43636,"date":"2025-06-18T11:01:12","date_gmt":"2025-06-18T11:01:12","guid":{"rendered":"https:\/\/zl.jewelry\/product\/cross-with-crucifix-with-ornament\/"},"modified":"2026-04-18T10:40:41","modified_gmt":"2026-04-18T10:40:41","slug":"cross-with-crucifix-with-ornament","status":"publish","type":"product","link":"https:\/\/zl.jewelry\/pl\/product\/cross-with-crucifix-with-ornament\/","title":{"rendered":"Z\u0142oty krzy\u017c z ukrzy\u017cowanym"},"content":{"rendered":"","protected":false},"excerpt":{"rendered":"","protected":false},"featured_media":43637,"template":"","meta":{"_acf_changed":false},"product_brand":[],"product_cat":[507,510,506,512,504],"product_tag":[],"class_list":{"0":"post-43636","1":"product","2":"type-product","3":"status-publish","4":"has-post-thumbnail","6":"product_cat-exclusive-golden-handmade-crosses-pl","7":"product_cat-mens-crosses-pl","8":"product_cat-crosses-with-stones-pl","9":"product_cat-with-diamonds-pl","10":"product_cat-golden-crosses-pl","12":"first","13":"instock","14":"product-type-simple"},"acf":[],"_links":{"self":[{"href":"https:\/\/zl.jewelry\/pl\/wp-json\/wp\/v2\/product\/43636","targetHints":{"allow":["GET"]}}],"collection":[{"href":"https:\/\/zl.jewelry\/pl\/wp-json\/wp\/v2\/product"}],"about":[{"href":"https:\/\/zl.jewelry\/pl\/wp-json\/wp\/v2\/types\/product"}],"wp:featuredmedia":[{"embeddable":true,"href":"https:\/\/zl.jewelry\/pl\/wp-json\/wp\/v2\/media\/43637"}],"wp:attachment":[{"href":"https:\/\/zl.jewelry\/pl\/wp-json\/wp\/v2\/media?parent=43636"}],"wp:term":[{"taxonomy":"product_brand","embeddable":true,"href":"https:\/\/zl.jewelry\/pl\/wp-json\/wp\/v2\/product_brand?post=43636"},{"taxonomy":"product_cat","embeddable":true,"href":"https:\/\/zl.jewelry\/pl\/wp-json\/wp\/v2\/product_cat?post=43636"},{"taxonomy":"product_tag","embeddable":true,"href":"https:\/\/zl.jewelry\/pl\/wp-json\/wp\/v2\/product_tag?post=43636"}],"curies":[{"name":"wp","href":"https:\/\/api.w.org\/{rel}","templated":true}]}}