{"id":43634,"date":"2025-06-18T11:01:12","date_gmt":"2025-06-18T11:01:12","guid":{"rendered":"https:\/\/zl.jewelry\/product\/cross-with-large-diamonds\/"},"modified":"2026-04-18T10:30:08","modified_gmt":"2026-04-18T10:30:08","slug":"cross-with-large-diamonds","status":"publish","type":"product","link":"https:\/\/zl.jewelry\/pl\/product\/cross-with-large-diamonds\/","title":{"rendered":"Krzy\u017c z du\u017cymi diamentami"},"content":{"rendered":"<section class=\"l-section wpb_row height_small\"><div class=\"l-section-h i-cf\"><div class=\"g-cols vc_row via_flex valign_top type_default stacking_default\"><div class=\"vc_col-sm-12 wpb_column vc_column_container\"><div class=\"vc_column-inner\"><div class=\"wpb_wrapper\"><div class=\"wpb_text_column\"><div class=\"wpb_wrapper\"><p style=\"margin: 0px; font-style: normal; font-variant-caps: normal; font-stretch: normal; font-size: 13px; line-height: normal; font-family: 'Helvetica Neue'; font-size-adjust: none; font-kerning: auto; font-variant-alternates: normal; font-variant-ligatures: normal; font-variant-numeric: normal; font-variant-east-asian: normal; font-variant-position: normal; font-variant-emoji: normal; font-feature-settings: normal; font-optical-sizing: auto; font-variation-settings: normal;\"><b>Krzy\u017c z diamentami: Wieczny luksus i znaczenie <\/b><\/p>\n<p style=\"margin: 0px; font-style: normal; font-variant-caps: normal; font-stretch: normal; font-size: 13px; line-height: normal; font-family: 'Helvetica Neue'; font-size-adjust: none; font-kerning: auto; font-variant-alternates: normal; font-variant-ligatures: normal; font-variant-numeric: normal; font-variant-east-asian: normal; font-variant-position: normal; font-variant-emoji: normal; font-feature-settings: normal; font-optical-sizing: auto; font-variation-settings: normal;\">Doskona\u0142e po\u0142\u0105czenie duchowo\u015bci i blasku.<\/p>\n<p style=\"margin: 0px; font-style: normal; font-variant-caps: normal; font-stretch: normal; font-size: 13px; line-height: normal; font-family: 'Helvetica Neue'; font-size-adjust: none; font-kerning: auto; font-variant-alternates: normal; font-variant-ligatures: normal; font-variant-numeric: normal; font-variant-east-asian: normal; font-variant-position: normal; font-variant-emoji: normal; font-feature-settings: normal; font-optical-sizing: auto; font-variation-settings: normal;\">\u2728 Diamenty najwy\u017cszej jako\u015bci, mistrzowskie wykonanie.<\/p>\n<p style=\"margin: 0px; font-style: normal; font-variant-caps: normal; font-stretch: normal; font-size: 13px; line-height: normal; font-family: 'Helvetica Neue'; font-size-adjust: none; font-kerning: auto; font-variant-alternates: normal; font-variant-ligatures: normal; font-variant-numeric: normal; font-variant-east-asian: normal; font-variant-position: normal; font-variant-emoji: normal; font-feature-settings: normal; font-optical-sizing: auto; font-variation-settings: normal;\">Idealny prezent \u2014 symbol wiary, mi\u0142o\u015bci i \u015bwiat\u0142a.<\/p>\n<p style=\"margin: 0px; font-style: normal; font-variant-caps: normal; font-stretch: normal; font-size: 13px; line-height: normal; font-family: 'Helvetica Neue'; font-size-adjust: none; font-kerning: auto; font-variant-alternates: normal; font-variant-ligatures: normal; font-variant-numeric: normal; font-variant-east-asian: normal; font-variant-position: normal; font-variant-emoji: normal; font-feature-settings: normal; font-optical-sizing: auto; font-variation-settings: normal;\">B\u0142y\u015bnij w ka\u017cdej chwili! \u2728<\/p>\n<p>\u00a0<\/p>\n<\/div><\/div><\/div><\/div><\/div><\/div><\/div><\/section>\n","protected":false},"excerpt":{"rendered":"Krzy\u017c z diamentami: Wieczny luksus i znaczenie Doskona\u0142e po\u0142\u0105czenie duchowo\u015bci i blasku. \u2728 Diamenty najwy\u017cszej jako\u015bci, mistrzowskie wykonanie. Idealny prezent \u2014 symbol wiary, mi\u0142o\u015bci i \u015bwiat\u0142a. B\u0142y\u015bnij w ka\u017cdej chwili! \u2728 \u00a0","protected":false},"featured_media":43635,"template":"","meta":{"_acf_changed":false},"product_brand":[],"product_cat":[513,506,509,512,504],"product_tag":[],"class_list":{"0":"post-43634","1":"product","2":"type-product","3":"status-publish","4":"has-post-thumbnail","6":"product_cat-womens-crosses-pl","7":"product_cat-crosses-with-stones-pl","8":"product_cat-made-of-white-gold-pl","9":"product_cat-with-diamonds-pl","10":"product_cat-golden-crosses-pl","12":"first","13":"instock","14":"product-type-simple"},"acf":[],"_links":{"self":[{"href":"https:\/\/zl.jewelry\/pl\/wp-json\/wp\/v2\/product\/43634","targetHints":{"allow":["GET"]}}],"collection":[{"href":"https:\/\/zl.jewelry\/pl\/wp-json\/wp\/v2\/product"}],"about":[{"href":"https:\/\/zl.jewelry\/pl\/wp-json\/wp\/v2\/types\/product"}],"wp:featuredmedia":[{"embeddable":true,"href":"https:\/\/zl.jewelry\/pl\/wp-json\/wp\/v2\/media\/43635"}],"wp:attachment":[{"href":"https:\/\/zl.jewelry\/pl\/wp-json\/wp\/v2\/media?parent=43634"}],"wp:term":[{"taxonomy":"product_brand","embeddable":true,"href":"https:\/\/zl.jewelry\/pl\/wp-json\/wp\/v2\/product_brand?post=43634"},{"taxonomy":"product_cat","embeddable":true,"href":"https:\/\/zl.jewelry\/pl\/wp-json\/wp\/v2\/product_cat?post=43634"},{"taxonomy":"product_tag","embeddable":true,"href":"https:\/\/zl.jewelry\/pl\/wp-json\/wp\/v2\/product_tag?post=43634"}],"curies":[{"name":"wp","href":"https:\/\/api.w.org\/{rel}","templated":true}]}}