{"id":43619,"date":"2025-06-18T11:01:12","date_gmt":"2025-06-18T11:01:12","guid":{"rendered":"https:\/\/zl.jewelry\/product\/wedding-ring-light-and-shadow\/"},"modified":"2025-09-26T18:31:50","modified_gmt":"2025-09-26T18:31:50","slug":"wedding-ring-light-and-shadow","status":"publish","type":"product","link":"https:\/\/zl.jewelry\/pl\/product\/wedding-ring-light-and-shadow\/","title":{"rendered":"Obr\u0105czka \u015blubna &#8222;\u015awiat\u0142o i cie\u0144&#8221;"},"content":{"rendered":"<p>Pier\u015bcionki zar\u0119czynowe z cytrynowego z\u0142ota,&nbsp; z motywem krateru. Waga z\u0142ota w bi\u017cuterii jest skorelowana z rozmiarem. W tym modelu szeroko\u015b\u0107 obr\u0105czek wynosi od 8 mm. Na damskiej obr\u0105czce od strony frontowej znajduj\u0105 si\u0119 chaotycznie osadzone&nbsp; 5-6&nbsp; kamieni, na m\u0119skim 1 kamie\u0144. Zainstalowane kamienie o \u015brednicy&nbsp; 1,5 mm; 2,00 mm. Przednia strona jest r&oacute;wnie\u017c czerniona. Wn\u0119trze jest modelowane z datami i&nbsp;szkielety, zgodnie z \u017cyczeniem klienta. &nbsp; Projekt mo\u017ce by\u0107 modyfikowany.<\/p>\n<p>_x000D_<\/p>\n","protected":false},"excerpt":{"rendered":"<p>Pier\u015bcionki zar\u0119czynowe z cytrynowego z\u0142ota,&nbsp; z motywem krateru. Waga z\u0142ota w bi\u017cuterii jest skorelowana z rozmiarem. W tym modelu szeroko\u015b\u0107 obr\u0105czek wynosi od 8 mm. Na damskiej obr\u0105czce od strony frontowej znajduj\u0105 si\u0119 chaotycznie osadzone&nbsp; 5-6&nbsp; kamieni, na m\u0119skim 1 kamie\u0144. Zainstalowane kamienie o \u015brednicy&nbsp; 1,5 mm; 2,00 mm. Przednia strona jest r&oacute;wnie\u017c czerniona. Wn\u0119trze&#8230;<\/p>\n","protected":false},"featured_media":43626,"template":"","meta":{"_acf_changed":false},"product_brand":[],"product_cat":[528,532,537,535,531],"product_tag":[],"class_list":{"0":"post-43619","1":"product","2":"type-product","3":"status-publish","4":"has-post-thumbnail","6":"product_cat-wedding-rings-pl","7":"product_cat-lemon-gold-wedding-rings-pl","8":"product_cat-with-rocks-4-pl","9":"product_cat-wedding-rings-with-diamonds-pl","10":"product_cat-elite-wedding-rings-pl","12":"first","13":"instock","14":"product-type-simple"},"acf":[],"_links":{"self":[{"href":"https:\/\/zl.jewelry\/pl\/wp-json\/wp\/v2\/product\/43619","targetHints":{"allow":["GET"]}}],"collection":[{"href":"https:\/\/zl.jewelry\/pl\/wp-json\/wp\/v2\/product"}],"about":[{"href":"https:\/\/zl.jewelry\/pl\/wp-json\/wp\/v2\/types\/product"}],"wp:featuredmedia":[{"embeddable":true,"href":"https:\/\/zl.jewelry\/pl\/wp-json\/wp\/v2\/media\/43626"}],"wp:attachment":[{"href":"https:\/\/zl.jewelry\/pl\/wp-json\/wp\/v2\/media?parent=43619"}],"wp:term":[{"taxonomy":"product_brand","embeddable":true,"href":"https:\/\/zl.jewelry\/pl\/wp-json\/wp\/v2\/product_brand?post=43619"},{"taxonomy":"product_cat","embeddable":true,"href":"https:\/\/zl.jewelry\/pl\/wp-json\/wp\/v2\/product_cat?post=43619"},{"taxonomy":"product_tag","embeddable":true,"href":"https:\/\/zl.jewelry\/pl\/wp-json\/wp\/v2\/product_tag?post=43619"}],"curies":[{"name":"wp","href":"https:\/\/api.w.org\/{rel}","templated":true}]}}