{"id":43617,"date":"2025-06-18T11:01:12","date_gmt":"2025-06-18T11:01:12","guid":{"rendered":"https:\/\/zl.jewelry\/product\/rope-blue-layer-with-lock-box\/"},"modified":"2026-04-18T09:55:03","modified_gmt":"2026-04-18T09:55:03","slug":"rope-blue-layer-with-lock-box","status":"publish","type":"product","link":"https:\/\/zl.jewelry\/pl\/product\/rope-blue-layer-with-lock-box\/","title":{"rendered":"Niebieska warstwa liny z zamkni\u0119ciem"},"content":{"rendered":"<section class=\"l-section wpb_row height_small\"><div class=\"l-section-h i-cf\"><div class=\"g-cols vc_row via_flex valign_top type_default stacking_default\"><div class=\"vc_col-sm-12 wpb_column vc_column_container\"><div class=\"vc_column-inner\"><div class=\"wpb_wrapper\"><div class=\"wpb_text_column\"><div class=\"wpb_wrapper\"><p><span style=\"font-family: calibri,sans-serif; font-size: 13.5pt;\">\u015arednica liny mm.\u00a0\u00a0D\u0142ugo\u015b\u0107 liny zale\u017cy od \u017cyczenia klienta.\u00a0<\/span><span style=\"font-family: calibri,sans-serif; font-size: 13.5pt;\"> \u00a0<\/span><\/p>\n<\/div><\/div><\/div><\/div><\/div><\/div><\/div><\/section>\n","protected":false},"excerpt":{"rendered":"\u015arednica liny mm.\u00a0\u00a0D\u0142ugo\u015b\u0107 liny zale\u017cy od \u017cyczenia klienta.\u00a0 \u00a0","protected":false},"featured_media":43618,"template":"","meta":{"_acf_changed":false},"product_brand":[],"product_cat":[499,496],"product_tag":[],"class_list":{"0":"post-43617","1":"product","2":"type-product","3":"status-publish","4":"has-post-thumbnail","6":"product_cat-nylon-mens-pl","7":"product_cat-jewelry-laces-pl","9":"first","10":"instock","11":"product-type-simple"},"acf":[],"_links":{"self":[{"href":"https:\/\/zl.jewelry\/pl\/wp-json\/wp\/v2\/product\/43617","targetHints":{"allow":["GET"]}}],"collection":[{"href":"https:\/\/zl.jewelry\/pl\/wp-json\/wp\/v2\/product"}],"about":[{"href":"https:\/\/zl.jewelry\/pl\/wp-json\/wp\/v2\/types\/product"}],"wp:featuredmedia":[{"embeddable":true,"href":"https:\/\/zl.jewelry\/pl\/wp-json\/wp\/v2\/media\/43618"}],"wp:attachment":[{"href":"https:\/\/zl.jewelry\/pl\/wp-json\/wp\/v2\/media?parent=43617"}],"wp:term":[{"taxonomy":"product_brand","embeddable":true,"href":"https:\/\/zl.jewelry\/pl\/wp-json\/wp\/v2\/product_brand?post=43617"},{"taxonomy":"product_cat","embeddable":true,"href":"https:\/\/zl.jewelry\/pl\/wp-json\/wp\/v2\/product_cat?post=43617"},{"taxonomy":"product_tag","embeddable":true,"href":"https:\/\/zl.jewelry\/pl\/wp-json\/wp\/v2\/product_tag?post=43617"}],"curies":[{"name":"wp","href":"https:\/\/api.w.org\/{rel}","templated":true}]}}