{"id":43599,"date":"2025-06-18T11:01:18","date_gmt":"2025-06-18T11:01:18","guid":{"rendered":"https:\/\/zl.jewelry\/product\/earrings-pomegranate-heart\/"},"modified":"2026-04-18T08:44:45","modified_gmt":"2026-04-18T08:44:45","slug":"earrings-pomegranate-heart","status":"publish","type":"product","link":"https:\/\/zl.jewelry\/pl\/product\/earrings-pomegranate-heart\/","title":{"rendered":"Kolczyki  &#8222;Serce z granatu&#8221;"},"content":{"rendered":"<p><span style=\"background-color: #ffffff; color: #1d2129; font-family: segoe ui historic,segoe ui,helvetica,arial,sans-serif; font-size: 14px;\">Kolczyki z granatem s\u0105 cz\u0119sto wr\u0119czane kochankom, \u017conom i matkom &#8211; uwa\u017ca si\u0119, \u017ce czerwony minera\u0142 \u0142agodzi zm\u0119czenie i odci\u0105ga od \u015bmiertelnych niebezpiecze\u0144stw. Kolczyki z granatem \u2013 b\u0119d\u0105 nieoczekiwanym i spektakularnym prezentem dla Twojej ulubionej kobiety.<\/span><br \/>\n<span style=\"background-color: #ffffff; color: #1d2129; font-family: segoe ui historic,segoe ui,helvetica,arial,sans-serif; font-size: 14px;\">Dzi\u0119ki hipnotyzuj\u0105cej g\u0142\u0119bi kamienia, jego bogatym odcieniom i czaplj\u0105cemu po\u0142yskowi, po prostu nie spos\u00f3b nie zauwa\u017cy\u0107 jego w\u0142a\u015bciciela. Ludzie doceni\u0105 nienaganny gust i wyczucie stylu w\u0142a\u015bciciela bi\u017cuterii.<\/span><\/p>\n","protected":false},"excerpt":{"rendered":"<p>Kolczyki z granatem s\u0105 cz\u0119sto wr\u0119czane kochankom, \u017conom i matkom &#8211; uwa\u017ca si\u0119, \u017ce czerwony minera\u0142 \u0142agodzi zm\u0119czenie i odci\u0105ga od \u015bmiertelnych niebezpiecze\u0144stw. Kolczyki z granatem \u2013 b\u0119d\u0105 nieoczekiwanym i spektakularnym prezentem dla Twojej ulubionej kobiety. Dzi\u0119ki hipnotyzuj\u0105cej g\u0142\u0119bi kamienia, jego bogatym odcieniom i czaplj\u0105cemu po\u0142yskowi, po prostu nie spos\u00f3b nie zauwa\u017cy\u0107 jego w\u0142a\u015bciciela. Ludzie&#8230;<\/p>\n","protected":false},"featured_media":43600,"template":"","meta":{"_acf_changed":false},"product_brand":[],"product_cat":[546,539,545,548,550,538],"product_tag":[],"class_list":{"0":"post-43599","1":"product","2":"type-product","3":"status-publish","4":"has-post-thumbnail","6":"product_cat-earrings-with-diamonds-pl","7":"product_cat-baby-pl","8":"product_cat-earrings-up-to-5g-pl","9":"product_cat-earrings-with-stones-pl","10":"product_cat-with-cubic-zirkonia-pl","11":"product_cat-gold-earrings-pl","13":"first","14":"instock","15":"product-type-simple"},"acf":[],"_links":{"self":[{"href":"https:\/\/zl.jewelry\/pl\/wp-json\/wp\/v2\/product\/43599","targetHints":{"allow":["GET"]}}],"collection":[{"href":"https:\/\/zl.jewelry\/pl\/wp-json\/wp\/v2\/product"}],"about":[{"href":"https:\/\/zl.jewelry\/pl\/wp-json\/wp\/v2\/types\/product"}],"wp:featuredmedia":[{"embeddable":true,"href":"https:\/\/zl.jewelry\/pl\/wp-json\/wp\/v2\/media\/43600"}],"wp:attachment":[{"href":"https:\/\/zl.jewelry\/pl\/wp-json\/wp\/v2\/media?parent=43599"}],"wp:term":[{"taxonomy":"product_brand","embeddable":true,"href":"https:\/\/zl.jewelry\/pl\/wp-json\/wp\/v2\/product_brand?post=43599"},{"taxonomy":"product_cat","embeddable":true,"href":"https:\/\/zl.jewelry\/pl\/wp-json\/wp\/v2\/product_cat?post=43599"},{"taxonomy":"product_tag","embeddable":true,"href":"https:\/\/zl.jewelry\/pl\/wp-json\/wp\/v2\/product_tag?post=43599"}],"curies":[{"name":"wp","href":"https:\/\/api.w.org\/{rel}","templated":true}]}}