{"id":43595,"date":"2025-06-18T11:01:18","date_gmt":"2025-06-18T11:01:18","guid":{"rendered":"https:\/\/zl.jewelry\/product\/openwork-cross-with-black-enamel\/"},"modified":"2025-09-26T18:31:57","modified_gmt":"2025-09-26T18:31:57","slug":"openwork-cross-with-black-enamel","status":"publish","type":"product","link":"https:\/\/zl.jewelry\/pl\/product\/openwork-cross-with-black-enamel\/","title":{"rendered":"A\u017curowy krzy\u017c z czarn\u0105 emali\u0105"},"content":{"rendered":"","protected":false},"excerpt":{"rendered":"","protected":false},"featured_media":35900,"template":"","meta":{"_acf_changed":false},"product_brand":[],"product_cat":[504,506,512,513],"product_tag":[],"class_list":{"0":"post-43595","1":"product","2":"type-product","3":"status-publish","4":"has-post-thumbnail","6":"product_cat-golden-crosses-pl","7":"product_cat-crosses-with-stones-pl","8":"product_cat-with-diamonds-pl","9":"product_cat-womens-crosses-pl","11":"first","12":"instock","13":"product-type-simple"},"acf":[],"_links":{"self":[{"href":"https:\/\/zl.jewelry\/pl\/wp-json\/wp\/v2\/product\/43595","targetHints":{"allow":["GET"]}}],"collection":[{"href":"https:\/\/zl.jewelry\/pl\/wp-json\/wp\/v2\/product"}],"about":[{"href":"https:\/\/zl.jewelry\/pl\/wp-json\/wp\/v2\/types\/product"}],"wp:featuredmedia":[{"embeddable":true,"href":"https:\/\/zl.jewelry\/pl\/wp-json\/wp\/v2\/media\/35900"}],"wp:attachment":[{"href":"https:\/\/zl.jewelry\/pl\/wp-json\/wp\/v2\/media?parent=43595"}],"wp:term":[{"taxonomy":"product_brand","embeddable":true,"href":"https:\/\/zl.jewelry\/pl\/wp-json\/wp\/v2\/product_brand?post=43595"},{"taxonomy":"product_cat","embeddable":true,"href":"https:\/\/zl.jewelry\/pl\/wp-json\/wp\/v2\/product_cat?post=43595"},{"taxonomy":"product_tag","embeddable":true,"href":"https:\/\/zl.jewelry\/pl\/wp-json\/wp\/v2\/product_tag?post=43595"}],"curies":[{"name":"wp","href":"https:\/\/api.w.org\/{rel}","templated":true}]}}