{"id":43591,"date":"2025-06-18T11:01:18","date_gmt":"2025-06-18T11:01:18","guid":{"rendered":"https:\/\/zl.jewelry\/product\/rope-turrets-with-an-arch\/"},"modified":"2026-04-18T08:04:00","modified_gmt":"2026-04-18T08:04:00","slug":"rope-turrets-with-an-arch","status":"publish","type":"product","link":"https:\/\/zl.jewelry\/pl\/product\/rope-turrets-with-an-arch\/","title":{"rendered":"Sznur &#8222;Wie\u017ce&#8221; z \u0142ukiem"},"content":{"rendered":"<section class=\"l-section wpb_row height_small\"><div class=\"l-section-h i-cf\"><div class=\"g-cols vc_row via_flex valign_top type_default stacking_default\"><div class=\"vc_col-sm-12 wpb_column vc_column_container\"><div class=\"vc_column-inner\"><div class=\"wpb_wrapper\"><div class=\"wpb_text_column\"><div class=\"wpb_wrapper\"><pre><span style=\"font-size: 18px;\"><span style=\"font-family: calibri,sans-serif;\">\u015arednica liny 4 mm. D\u0142ugo\u015b\u0107 liny na \u017cyczenie klienta.<\/span> <\/span><\/pre>\n<\/div><\/div><\/div><\/div><\/div><\/div><\/div><\/section>\n","protected":false},"excerpt":{"rendered":"\u015arednica liny 4 mm. D\u0142ugo\u015b\u0107 liny na \u017cyczenie klienta.","protected":false},"featured_media":43592,"template":"","meta":{"_acf_changed":false},"product_brand":[],"product_cat":[497,499,496],"product_tag":[],"class_list":{"0":"post-43591","1":"product","2":"type-product","3":"status-publish","4":"has-post-thumbnail","6":"product_cat-childrens-womens-pl","7":"product_cat-nylon-mens-pl","8":"product_cat-jewelry-laces-pl","10":"first","11":"instock","12":"product-type-simple"},"acf":[],"_links":{"self":[{"href":"https:\/\/zl.jewelry\/pl\/wp-json\/wp\/v2\/product\/43591","targetHints":{"allow":["GET"]}}],"collection":[{"href":"https:\/\/zl.jewelry\/pl\/wp-json\/wp\/v2\/product"}],"about":[{"href":"https:\/\/zl.jewelry\/pl\/wp-json\/wp\/v2\/types\/product"}],"wp:featuredmedia":[{"embeddable":true,"href":"https:\/\/zl.jewelry\/pl\/wp-json\/wp\/v2\/media\/43592"}],"wp:attachment":[{"href":"https:\/\/zl.jewelry\/pl\/wp-json\/wp\/v2\/media?parent=43591"}],"wp:term":[{"taxonomy":"product_brand","embeddable":true,"href":"https:\/\/zl.jewelry\/pl\/wp-json\/wp\/v2\/product_brand?post=43591"},{"taxonomy":"product_cat","embeddable":true,"href":"https:\/\/zl.jewelry\/pl\/wp-json\/wp\/v2\/product_cat?post=43591"},{"taxonomy":"product_tag","embeddable":true,"href":"https:\/\/zl.jewelry\/pl\/wp-json\/wp\/v2\/product_tag?post=43591"}],"curies":[{"name":"wp","href":"https:\/\/api.w.org\/{rel}","templated":true}]}}