{"id":43589,"date":"2025-06-18T11:01:18","date_gmt":"2025-06-18T11:01:18","guid":{"rendered":"https:\/\/zl.jewelry\/product\/rope-arch-lock-box-round\/"},"modified":"2025-09-26T18:31:56","modified_gmt":"2025-09-26T18:31:56","slug":"rope-arch-lock-box-round","status":"publish","type":"product","link":"https:\/\/zl.jewelry\/pl\/product\/rope-arch-lock-box-round\/","title":{"rendered":"Sznur &#8222;\u0141uk&#8221; (zamek skrzynkowy-okr\u0105g\u0142y)"},"content":{"rendered":"<p><span style=\"color:rgb(77, 77, 77); font-family:roboto,sans-serif; font-size:16px\">\u015arednica przekroju liny wynosi 4 mm. D\u0142ugo\u015b\u0107 liny na \u017cyczenie klienta.<\/span><\/p>\n","protected":false},"excerpt":{"rendered":"<p>\u015arednica przekroju liny wynosi 4 mm. D\u0142ugo\u015b\u0107 liny na \u017cyczenie klienta.<\/p>\n","protected":false},"featured_media":49855,"template":"","meta":{"_acf_changed":false},"product_brand":[],"product_cat":[496,497,499],"product_tag":[],"class_list":{"0":"post-43589","1":"product","2":"type-product","3":"status-publish","4":"has-post-thumbnail","6":"product_cat-jewelry-laces-pl","7":"product_cat-childrens-womens-pl","8":"product_cat-nylon-mens-pl","10":"first","11":"instock","12":"product-type-simple"},"acf":[],"_links":{"self":[{"href":"https:\/\/zl.jewelry\/pl\/wp-json\/wp\/v2\/product\/43589","targetHints":{"allow":["GET"]}}],"collection":[{"href":"https:\/\/zl.jewelry\/pl\/wp-json\/wp\/v2\/product"}],"about":[{"href":"https:\/\/zl.jewelry\/pl\/wp-json\/wp\/v2\/types\/product"}],"wp:featuredmedia":[{"embeddable":true,"href":"https:\/\/zl.jewelry\/pl\/wp-json\/wp\/v2\/media\/49855"}],"wp:attachment":[{"href":"https:\/\/zl.jewelry\/pl\/wp-json\/wp\/v2\/media?parent=43589"}],"wp:term":[{"taxonomy":"product_brand","embeddable":true,"href":"https:\/\/zl.jewelry\/pl\/wp-json\/wp\/v2\/product_brand?post=43589"},{"taxonomy":"product_cat","embeddable":true,"href":"https:\/\/zl.jewelry\/pl\/wp-json\/wp\/v2\/product_cat?post=43589"},{"taxonomy":"product_tag","embeddable":true,"href":"https:\/\/zl.jewelry\/pl\/wp-json\/wp\/v2\/product_tag?post=43589"}],"curies":[{"name":"wp","href":"https:\/\/api.w.org\/{rel}","templated":true}]}}