{"id":43587,"date":"2025-06-18T11:01:18","date_gmt":"2025-06-18T11:01:18","guid":{"rendered":"https:\/\/zl.jewelry\/product\/cross-indestructible-force\/"},"modified":"2025-09-26T18:31:56","modified_gmt":"2025-09-26T18:31:56","slug":"cross-indestructible-force","status":"publish","type":"product","link":"https:\/\/zl.jewelry\/pl\/product\/cross-indestructible-force\/","title":{"rendered":"Krzy\u017c &#8222;Trwa\u0142a si\u0142a&#8221;"},"content":{"rendered":"<p>Krzy\u017cyk na hebanie, z wk\u0142adkami z bia\u0142ego z\u0142ota, kt\u00f3re s\u0105 rodowane. Waga zale\u017cy od wymiar\u00f3w krzy\u017cyka, z przybli\u017con\u0105 wysoko\u015bci\u0105 bez ucha 54 mm, waga z\u0142ota bi\u017cuterii wynosi 23,22 grama. Na przedniej stronie znajduje si\u0119 nak\u0142adka z kplcyfiksem, a na odwrocie&nbsp;&nbsp;wizeplnek aposto\u0142a Piotra w formie nak\u0142adki. Ucho ma wizeplnek anio\u0142a na awersie i symbol na rewersie. Krzy\u017c jest ozdobiony niebiesk\u0105 emali\u0105. Na drewnie znajduj\u0105 si\u0119 rze\u017abione wzory.<\/p>\n","protected":false},"excerpt":{"rendered":"<p>Krzy\u017cyk na hebanie, z wk\u0142adkami z bia\u0142ego z\u0142ota, kt\u00f3re s\u0105 rodowane. Waga zale\u017cy od wymiar\u00f3w krzy\u017cyka, z przybli\u017con\u0105 wysoko\u015bci\u0105 bez ucha 54 mm, waga z\u0142ota bi\u017cuterii wynosi 23,22 grama. Na przedniej stronie znajduje si\u0119 nak\u0142adka z kplcyfiksem, a na odwrocie&nbsp;&nbsp;wizeplnek aposto\u0142a Piotra w formie nak\u0142adki. Ucho ma wizeplnek anio\u0142a na awersie i symbol na rewersie&#8230;.<\/p>\n","protected":false},"featured_media":36061,"template":"","meta":{"_acf_changed":false},"product_brand":[],"product_cat":[504,507,509,510,511],"product_tag":[],"class_list":{"0":"post-43587","1":"product","2":"type-product","3":"status-publish","4":"has-post-thumbnail","6":"product_cat-golden-crosses-pl","7":"product_cat-exclusive-golden-handmade-crosses-pl","8":"product_cat-made-of-white-gold-pl","9":"product_cat-mens-crosses-pl","10":"product_cat-on-an-ebony-tree-2-pl","12":"first","13":"instock","14":"product-type-simple"},"acf":[],"_links":{"self":[{"href":"https:\/\/zl.jewelry\/pl\/wp-json\/wp\/v2\/product\/43587","targetHints":{"allow":["GET"]}}],"collection":[{"href":"https:\/\/zl.jewelry\/pl\/wp-json\/wp\/v2\/product"}],"about":[{"href":"https:\/\/zl.jewelry\/pl\/wp-json\/wp\/v2\/types\/product"}],"wp:featuredmedia":[{"embeddable":true,"href":"https:\/\/zl.jewelry\/pl\/wp-json\/wp\/v2\/media\/36061"}],"wp:attachment":[{"href":"https:\/\/zl.jewelry\/pl\/wp-json\/wp\/v2\/media?parent=43587"}],"wp:term":[{"taxonomy":"product_brand","embeddable":true,"href":"https:\/\/zl.jewelry\/pl\/wp-json\/wp\/v2\/product_brand?post=43587"},{"taxonomy":"product_cat","embeddable":true,"href":"https:\/\/zl.jewelry\/pl\/wp-json\/wp\/v2\/product_cat?post=43587"},{"taxonomy":"product_tag","embeddable":true,"href":"https:\/\/zl.jewelry\/pl\/wp-json\/wp\/v2\/product_tag?post=43587"}],"curies":[{"name":"wp","href":"https:\/\/api.w.org\/{rel}","templated":true}]}}