{"id":43581,"date":"2025-06-18T11:01:18","date_gmt":"2025-06-18T11:01:18","guid":{"rendered":"https:\/\/zl.jewelry\/product\/aquamarine-engagement-ring\/"},"modified":"2025-09-26T18:31:56","modified_gmt":"2025-09-26T18:31:56","slug":"aquamarine-engagement-ring","status":"publish","type":"product","link":"https:\/\/zl.jewelry\/pl\/product\/aquamarine-engagement-ring\/","title":{"rendered":"Pier\u015bcionek zar\u0119czynowy z akwamarynami"},"content":{"rendered":"<p>Pier\u015bcionek z bia\u0142ego z\u0142ota pr\u00f3by 585*, przy rozmiarze 18,7 waga pier\u015bcionka&nbsp;3,54 grama, pier\u015bcionek zakuwany. Kamie\u0144 centralny to akwamaryn&nbsp;&nbsp;10&#215;7,4mm &#8211; 1szt, 6&#215;2,5mm &#8211; 2szt,&nbsp;2&#215;2 brylanty &#8211; 2szt..&nbsp;<\/p>\n","protected":false},"excerpt":{"rendered":"<p>Pier\u015bcionek z bia\u0142ego z\u0142ota pr\u00f3by 585*, przy rozmiarze 18,7 waga pier\u015bcionka&nbsp;3,54 grama, pier\u015bcionek zakuwany. Kamie\u0144 centralny to akwamaryn&nbsp;&nbsp;10&#215;7,4mm &#8211; 1szt, 6&#215;2,5mm &#8211; 2szt,&nbsp;2&#215;2 brylanty &#8211; 2szt..&nbsp;<\/p>\n","protected":false},"featured_media":43582,"template":"","meta":{"_acf_changed":false},"product_brand":[],"product_cat":[523,524,527],"product_tag":[],"class_list":{"0":"post-43581","1":"product","2":"type-product","3":"status-publish","4":"has-post-thumbnail","6":"product_cat-engagement-rings-pl","7":"product_cat-engagement-rings-with-diamonds-pl","8":"product_cat-white-gold-engagement-rings-pl","10":"first","11":"instock","12":"product-type-simple"},"acf":[],"_links":{"self":[{"href":"https:\/\/zl.jewelry\/pl\/wp-json\/wp\/v2\/product\/43581","targetHints":{"allow":["GET"]}}],"collection":[{"href":"https:\/\/zl.jewelry\/pl\/wp-json\/wp\/v2\/product"}],"about":[{"href":"https:\/\/zl.jewelry\/pl\/wp-json\/wp\/v2\/types\/product"}],"wp:featuredmedia":[{"embeddable":true,"href":"https:\/\/zl.jewelry\/pl\/wp-json\/wp\/v2\/media\/43582"}],"wp:attachment":[{"href":"https:\/\/zl.jewelry\/pl\/wp-json\/wp\/v2\/media?parent=43581"}],"wp:term":[{"taxonomy":"product_brand","embeddable":true,"href":"https:\/\/zl.jewelry\/pl\/wp-json\/wp\/v2\/product_brand?post=43581"},{"taxonomy":"product_cat","embeddable":true,"href":"https:\/\/zl.jewelry\/pl\/wp-json\/wp\/v2\/product_cat?post=43581"},{"taxonomy":"product_tag","embeddable":true,"href":"https:\/\/zl.jewelry\/pl\/wp-json\/wp\/v2\/product_tag?post=43581"}],"curies":[{"name":"wp","href":"https:\/\/api.w.org\/{rel}","templated":true}]}}