{"id":43550,"date":"2025-06-18T11:01:25","date_gmt":"2025-06-18T11:01:25","guid":{"rendered":"https:\/\/zl.jewelry\/product\/bracelet-save-and-preserve-with-the-face-of-st-nicholas\/"},"modified":"2026-02-06T16:53:14","modified_gmt":"2026-02-06T16:53:14","slug":"bracelet-save-and-preserve-with-the-face-of-st-nicholas","status":"publish","type":"product","link":"https:\/\/zl.jewelry\/pl\/product\/bracelet-save-and-preserve-with-the-face-of-st-nicholas\/","title":{"rendered":"Bransoletka &#8222;Save and Preserve&#8221; z twarz\u0105 \u015bw. Miko\u0142aja"},"content":{"rendered":"","protected":false},"excerpt":{"rendered":"","protected":false},"featured_media":43551,"template":"","meta":{"_acf_changed":false},"product_brand":[],"product_cat":[557,560,561],"product_tag":[],"class_list":{"0":"post-43550","1":"product","2":"type-product","3":"status-publish","4":"has-post-thumbnail","6":"product_cat-bracelets-pl","7":"product_cat-gold-bracelets-up-to-30-gr-pl","8":"product_cat-leather-bracelets-with-gold-inserts-pl","10":"first","11":"instock","12":"product-type-simple"},"acf":[],"_links":{"self":[{"href":"https:\/\/zl.jewelry\/pl\/wp-json\/wp\/v2\/product\/43550","targetHints":{"allow":["GET"]}}],"collection":[{"href":"https:\/\/zl.jewelry\/pl\/wp-json\/wp\/v2\/product"}],"about":[{"href":"https:\/\/zl.jewelry\/pl\/wp-json\/wp\/v2\/types\/product"}],"wp:featuredmedia":[{"embeddable":true,"href":"https:\/\/zl.jewelry\/pl\/wp-json\/wp\/v2\/media\/43551"}],"wp:attachment":[{"href":"https:\/\/zl.jewelry\/pl\/wp-json\/wp\/v2\/media?parent=43550"}],"wp:term":[{"taxonomy":"product_brand","embeddable":true,"href":"https:\/\/zl.jewelry\/pl\/wp-json\/wp\/v2\/product_brand?post=43550"},{"taxonomy":"product_cat","embeddable":true,"href":"https:\/\/zl.jewelry\/pl\/wp-json\/wp\/v2\/product_cat?post=43550"},{"taxonomy":"product_tag","embeddable":true,"href":"https:\/\/zl.jewelry\/pl\/wp-json\/wp\/v2\/product_tag?post=43550"}],"curies":[{"name":"wp","href":"https:\/\/api.w.org\/{rel}","templated":true}]}}