{"id":43548,"date":"2025-06-18T11:01:25","date_gmt":"2025-06-18T11:01:25","guid":{"rendered":"https:\/\/zl.jewelry\/product\/cross-glimpses-of-the-past\/"},"modified":"2026-02-06T16:40:16","modified_gmt":"2026-02-06T16:40:16","slug":"cross-glimpses-of-the-past","status":"publish","type":"product","link":"https:\/\/zl.jewelry\/pl\/product\/cross-glimpses-of-the-past\/","title":{"rendered":"Krzy\u017c &#8222;Przeb\u0142yski przesz\u0142o\u015bci&#8221;"},"content":{"rendered":"<p>Krzy\u017c drewniany, d\u0142ugo\u015b\u0107 krzy\u017ca z uchem oko\u0142o 80mm, kraw\u0119dzie krzy\u017ca g\u0142adkie p\u0142ytki z\u0142ote, z\u0142oto przechodzi na prz\u00f3d krzy\u017ca i na ty\u0142 krzy\u017ca po bokach o 2mm, grubo\u015b\u0107 krzy\u017ca oko\u0142o 8mm, ucho zwyk\u0142e g\u0142adkie pod sznur 6mm, prz\u00f3d krzy\u017ca o\u015bmiok\u0105tny g\u0142adki, na kraw\u0119dziach krzy\u017ca w\u0142\u00f3cznia i laska, na dole krzy\u017ca ziemia z czaszk\u0105 przybli\u017cona waga z\u0142ota w krzy\u017cu 45,47 gram\u00f3w.<\/p>\n","protected":false},"excerpt":{"rendered":"<p>Krzy\u017c drewniany, d\u0142ugo\u015b\u0107 krzy\u017ca z uchem oko\u0142o 80mm, kraw\u0119dzie krzy\u017ca g\u0142adkie p\u0142ytki z\u0142ote, z\u0142oto przechodzi na prz\u00f3d krzy\u017ca i na ty\u0142 krzy\u017ca po bokach o 2mm, grubo\u015b\u0107 krzy\u017ca oko\u0142o 8mm, ucho zwyk\u0142e g\u0142adkie pod sznur 6mm, prz\u00f3d krzy\u017ca o\u015bmiok\u0105tny g\u0142adki, na kraw\u0119dziach krzy\u017ca w\u0142\u00f3cznia i laska, na dole krzy\u017ca ziemia z czaszk\u0105 przybli\u017cona waga z\u0142ota&#8230;<\/p>\n","protected":false},"featured_media":43549,"template":"","meta":{"_acf_changed":false},"product_brand":[],"product_cat":[504,510,511],"product_tag":[],"class_list":{"0":"post-43548","1":"product","2":"type-product","3":"status-publish","4":"has-post-thumbnail","6":"product_cat-golden-crosses-pl","7":"product_cat-mens-crosses-pl","8":"product_cat-on-an-ebony-tree-2-pl","10":"first","11":"instock","12":"product-type-simple"},"acf":[],"_links":{"self":[{"href":"https:\/\/zl.jewelry\/pl\/wp-json\/wp\/v2\/product\/43548","targetHints":{"allow":["GET"]}}],"collection":[{"href":"https:\/\/zl.jewelry\/pl\/wp-json\/wp\/v2\/product"}],"about":[{"href":"https:\/\/zl.jewelry\/pl\/wp-json\/wp\/v2\/types\/product"}],"wp:featuredmedia":[{"embeddable":true,"href":"https:\/\/zl.jewelry\/pl\/wp-json\/wp\/v2\/media\/43549"}],"wp:attachment":[{"href":"https:\/\/zl.jewelry\/pl\/wp-json\/wp\/v2\/media?parent=43548"}],"wp:term":[{"taxonomy":"product_brand","embeddable":true,"href":"https:\/\/zl.jewelry\/pl\/wp-json\/wp\/v2\/product_brand?post=43548"},{"taxonomy":"product_cat","embeddable":true,"href":"https:\/\/zl.jewelry\/pl\/wp-json\/wp\/v2\/product_cat?post=43548"},{"taxonomy":"product_tag","embeddable":true,"href":"https:\/\/zl.jewelry\/pl\/wp-json\/wp\/v2\/product_tag?post=43548"}],"curies":[{"name":"wp","href":"https:\/\/api.w.org\/{rel}","templated":true}]}}