{"id":43537,"date":"2025-06-18T11:01:25","date_gmt":"2025-06-18T11:01:25","guid":{"rendered":"https:\/\/zl.jewelry\/product\/earrings-paths-black-and-white\/"},"modified":"2026-02-06T16:04:23","modified_gmt":"2026-02-06T16:04:23","slug":"earrings-paths-black-and-white","status":"publish","type":"product","link":"https:\/\/zl.jewelry\/pl\/product\/earrings-paths-black-and-white\/","title":{"rendered":"Kolczyki &#8222;Czarno-bia\u0142e \u015bcie\u017cki&#8221;"},"content":{"rendered":"<p><span style=\"background-color: #ffffff; color: #1d2129; font-family: segoe ui historic,segoe ui,helvetica,arial,sans-serif; font-size: 14px;\">Sercem ka\u017cdej stylowej stylizacji jest zawsze idealnie dobrana para kolczyk\u00f3w. To w\u0142a\u015bnie ta bi\u017cuteria zosta\u0142a zaprojektowana z my\u015bl\u0105 o urozmaiceniu wygl\u0105du. Odpowiedni dob\u00f3r z\u0142otych kolczyk\u00f3w pomo\u017ce idealnie podkre\u015bli\u0107 lub uzupe\u0142ni\u0107 wizeplnek.<\/span><\/p>\n<p><span style=\"background-color: #ffffff; color: #1d2129; font-family: segoe ui historic,segoe ui,helvetica,arial,sans-serif; font-size: 14px;\">Niezale\u017cnie od tego, czy b\u0119dzie to wizeplnek pewnej siebie i zdecydowanej bizneswoman \u2013 kobiecy lub swobodny wygl\u0105d, romantyczna delikatno\u015b\u0107 pierwszej randki lub luksus i elegancja wieczorowego wygl\u0105du<\/span><\/p>\n","protected":false},"excerpt":{"rendered":"<p>Sercem ka\u017cdej stylowej stylizacji jest zawsze idealnie dobrana para kolczyk\u00f3w. To w\u0142a\u015bnie ta bi\u017cuteria zosta\u0142a zaprojektowana z my\u015bl\u0105 o urozmaiceniu wygl\u0105du. Odpowiedni dob\u00f3r z\u0142otych kolczyk\u00f3w pomo\u017ce idealnie podkre\u015bli\u0107 lub uzupe\u0142ni\u0107 wizeplnek. Niezale\u017cnie od tego, czy b\u0119dzie to wizeplnek pewnej siebie i zdecydowanej bizneswoman \u2013 kobiecy lub swobodny wygl\u0105d, romantyczna delikatno\u015b\u0107 pierwszej randki lub luksus i&#8230;<\/p>\n","protected":false},"featured_media":43538,"template":"","meta":{"_acf_changed":false},"product_brand":[],"product_cat":[538,540,545,546,548,550],"product_tag":[],"class_list":{"0":"post-43537","1":"product","2":"type-product","3":"status-publish","4":"has-post-thumbnail","6":"product_cat-gold-earrings-pl","7":"product_cat-congo-earrings-pl","8":"product_cat-earrings-up-to-5g-pl","9":"product_cat-earrings-with-diamonds-pl","10":"product_cat-earrings-with-stones-pl","11":"product_cat-with-cubic-zirkonia-pl","13":"first","14":"instock","15":"product-type-simple"},"acf":[],"_links":{"self":[{"href":"https:\/\/zl.jewelry\/pl\/wp-json\/wp\/v2\/product\/43537","targetHints":{"allow":["GET"]}}],"collection":[{"href":"https:\/\/zl.jewelry\/pl\/wp-json\/wp\/v2\/product"}],"about":[{"href":"https:\/\/zl.jewelry\/pl\/wp-json\/wp\/v2\/types\/product"}],"wp:featuredmedia":[{"embeddable":true,"href":"https:\/\/zl.jewelry\/pl\/wp-json\/wp\/v2\/media\/43538"}],"wp:attachment":[{"href":"https:\/\/zl.jewelry\/pl\/wp-json\/wp\/v2\/media?parent=43537"}],"wp:term":[{"taxonomy":"product_brand","embeddable":true,"href":"https:\/\/zl.jewelry\/pl\/wp-json\/wp\/v2\/product_brand?post=43537"},{"taxonomy":"product_cat","embeddable":true,"href":"https:\/\/zl.jewelry\/pl\/wp-json\/wp\/v2\/product_cat?post=43537"},{"taxonomy":"product_tag","embeddable":true,"href":"https:\/\/zl.jewelry\/pl\/wp-json\/wp\/v2\/product_tag?post=43537"}],"curies":[{"name":"wp","href":"https:\/\/api.w.org\/{rel}","templated":true}]}}