{"id":43517,"date":"2025-06-18T11:01:25","date_gmt":"2025-06-18T11:01:25","guid":{"rendered":"https:\/\/zl.jewelry\/product\/wedding-rings-initials-with-enamel\/"},"modified":"2026-02-06T15:14:24","modified_gmt":"2026-02-06T15:14:24","slug":"wedding-rings-initials-with-enamel","status":"publish","type":"product","link":"https:\/\/zl.jewelry\/pl\/product\/wedding-rings-initials-with-enamel\/","title":{"rendered":"Obr\u0105czki \u015blubne &#8222;Inicja\u0142y&#8221; z emali\u0105"},"content":{"rendered":"<p><span style=\"background-color: #ffffff; color: #1d2129; font-family: segoe ui historic,segoe ui,helvetica,arial,sans-serif; font-size: 14px;\">Tradycyjnym symbolem po\u0142\u0105czenia dw\u00f3ch serc jest obr\u0105czka, bi\u017cuteria, z kt\u00f3r\u0105 cz\u0142owiek nie rozstaje si\u0119 przez ca\u0142e \u017cycie, dlatego powinna by\u0107 zar\u00f3wno pi\u0119kna, jak i wygodna. Pier\u015bcionki zar\u0119czynowe tworzone wed\u0142ug indywidualnego projektu to genialny pocz\u0105tek \u017cycia rodzinnego. Stw\u00f3rz w\u0142asn\u0105 histori\u0119, a my zrealizujemy j\u0105 w z\u0142ocie!\u00a0<\/span><\/p>\n","protected":false},"excerpt":{"rendered":"<p>Tradycyjnym symbolem po\u0142\u0105czenia dw\u00f3ch serc jest obr\u0105czka, bi\u017cuteria, z kt\u00f3r\u0105 cz\u0142owiek nie rozstaje si\u0119 przez ca\u0142e \u017cycie, dlatego powinna by\u0107 zar\u00f3wno pi\u0119kna, jak i wygodna. Pier\u015bcionki zar\u0119czynowe tworzone wed\u0142ug indywidualnego projektu to genialny pocz\u0105tek \u017cycia rodzinnego. Stw\u00f3rz w\u0142asn\u0105 histori\u0119, a my zrealizujemy j\u0105 w z\u0142ocie!\u00a0<\/p>\n","protected":false},"featured_media":43521,"template":"","meta":{"_acf_changed":false},"product_brand":[],"product_cat":[528,533],"product_tag":[],"class_list":{"0":"post-43517","1":"product","2":"type-product","3":"status-publish","4":"has-post-thumbnail","6":"product_cat-wedding-rings-pl","7":"product_cat-red-gold-wedding-rings-pl","9":"first","10":"instock","11":"product-type-simple"},"acf":[],"_links":{"self":[{"href":"https:\/\/zl.jewelry\/pl\/wp-json\/wp\/v2\/product\/43517","targetHints":{"allow":["GET"]}}],"collection":[{"href":"https:\/\/zl.jewelry\/pl\/wp-json\/wp\/v2\/product"}],"about":[{"href":"https:\/\/zl.jewelry\/pl\/wp-json\/wp\/v2\/types\/product"}],"wp:featuredmedia":[{"embeddable":true,"href":"https:\/\/zl.jewelry\/pl\/wp-json\/wp\/v2\/media\/43521"}],"wp:attachment":[{"href":"https:\/\/zl.jewelry\/pl\/wp-json\/wp\/v2\/media?parent=43517"}],"wp:term":[{"taxonomy":"product_brand","embeddable":true,"href":"https:\/\/zl.jewelry\/pl\/wp-json\/wp\/v2\/product_brand?post=43517"},{"taxonomy":"product_cat","embeddable":true,"href":"https:\/\/zl.jewelry\/pl\/wp-json\/wp\/v2\/product_cat?post=43517"},{"taxonomy":"product_tag","embeddable":true,"href":"https:\/\/zl.jewelry\/pl\/wp-json\/wp\/v2\/product_tag?post=43517"}],"curies":[{"name":"wp","href":"https:\/\/api.w.org\/{rel}","templated":true}]}}