{"id":43510,"date":"2025-06-18T11:01:25","date_gmt":"2025-06-18T11:01:25","guid":{"rendered":"https:\/\/zl.jewelry\/product\/rope-with-rectangular-inserts\/"},"modified":"2026-02-06T15:03:13","modified_gmt":"2026-02-06T15:03:13","slug":"rope-with-rectangular-inserts","status":"publish","type":"product","link":"https:\/\/zl.jewelry\/pl\/product\/rope-with-rectangular-inserts\/","title":{"rendered":"Sznur z prostok\u0105tnymi wstawkami"},"content":{"rendered":"<p><span style=\"font-family: calibri,sans-serif; font-size: 13.5pt;\">\u015arednica liny\u00a0<\/span><span style=\"font-family: calibri,sans-serif; font-size: 18px;\">4<\/span><span style=\"font-family: calibri,sans-serif; font-size: 18px;\">\u00a0<\/span><span style=\"font-family: calibri,sans-serif; font-size: 13.5pt;\">\u043c\u043c.\u00a0<\/span>\u00a0D\u0142ugo\u015b\u0107 liny na \u017cyczenie klienta.<\/p>\n","protected":false},"excerpt":{"rendered":"<p>\u015arednica liny\u00a04\u00a0\u043c\u043c.\u00a0\u00a0D\u0142ugo\u015b\u0107 liny na \u017cyczenie klienta.<\/p>\n","protected":false},"featured_media":43511,"template":"","meta":{"_acf_changed":false},"product_brand":[],"product_cat":[496,498],"product_tag":[],"class_list":{"0":"post-43510","1":"product","2":"type-product","3":"status-publish","4":"has-post-thumbnail","6":"product_cat-jewelry-laces-pl","7":"product_cat-leather-pl","9":"first","10":"instock","11":"product-type-simple"},"acf":[],"_links":{"self":[{"href":"https:\/\/zl.jewelry\/pl\/wp-json\/wp\/v2\/product\/43510","targetHints":{"allow":["GET"]}}],"collection":[{"href":"https:\/\/zl.jewelry\/pl\/wp-json\/wp\/v2\/product"}],"about":[{"href":"https:\/\/zl.jewelry\/pl\/wp-json\/wp\/v2\/types\/product"}],"wp:featuredmedia":[{"embeddable":true,"href":"https:\/\/zl.jewelry\/pl\/wp-json\/wp\/v2\/media\/43511"}],"wp:attachment":[{"href":"https:\/\/zl.jewelry\/pl\/wp-json\/wp\/v2\/media?parent=43510"}],"wp:term":[{"taxonomy":"product_brand","embeddable":true,"href":"https:\/\/zl.jewelry\/pl\/wp-json\/wp\/v2\/product_brand?post=43510"},{"taxonomy":"product_cat","embeddable":true,"href":"https:\/\/zl.jewelry\/pl\/wp-json\/wp\/v2\/product_cat?post=43510"},{"taxonomy":"product_tag","embeddable":true,"href":"https:\/\/zl.jewelry\/pl\/wp-json\/wp\/v2\/product_tag?post=43510"}],"curies":[{"name":"wp","href":"https:\/\/api.w.org\/{rel}","templated":true}]}}