{"id":43502,"date":"2025-06-18T11:01:30","date_gmt":"2025-06-18T11:01:30","guid":{"rendered":"https:\/\/zl.jewelry\/product\/bracelet-versace-red\/"},"modified":"2026-02-06T13:31:23","modified_gmt":"2026-02-06T13:31:23","slug":"bracelet-versace-red","status":"publish","type":"product","link":"https:\/\/zl.jewelry\/pl\/product\/bracelet-versace-red\/","title":{"rendered":"Bransoletka &#8222;Versace&#8221; czerwona"},"content":{"rendered":"<p>Bransoletka na nylonowej lince, z wstawkami z czerwonego z\u0142ota. Waga zale\u017cy od \u015brednicy i ilo\u015bci wstawek, przy \u015brednicy linki 3mm i rozmiarze 18 cm, waga z\u0142ota 3,50 grama. Bransoletka posiada 3 wstawki z greck\u0105 niesko\u0144czono\u015bci\u0105 oraz zapi\u0119cie &#8211; karabi\u0144czyk.<\/p>\n","protected":false},"excerpt":{"rendered":"<p>Bransoletka na nylonowej lince, z wstawkami z czerwonego z\u0142ota. Waga zale\u017cy od \u015brednicy i ilo\u015bci wstawek, przy \u015brednicy linki 3mm i rozmiarze 18 cm, waga z\u0142ota 3,50 grama. Bransoletka posiada 3 wstawki z greck\u0105 niesko\u0144czono\u015bci\u0105 oraz zapi\u0119cie &#8211; karabi\u0144czyk.<\/p>\n","protected":false},"featured_media":43503,"template":"","meta":{"_acf_changed":false},"product_brand":[],"product_cat":[557,562,560],"product_tag":[],"class_list":{"0":"post-43502","1":"product","2":"type-product","3":"status-publish","4":"has-post-thumbnail","6":"product_cat-bracelets-pl","7":"product_cat-silk-bracelets-with-gold-inserts-pl","8":"product_cat-gold-bracelets-up-to-30-gr-pl","10":"first","11":"instock","12":"product-type-simple"},"acf":[],"_links":{"self":[{"href":"https:\/\/zl.jewelry\/pl\/wp-json\/wp\/v2\/product\/43502","targetHints":{"allow":["GET"]}}],"collection":[{"href":"https:\/\/zl.jewelry\/pl\/wp-json\/wp\/v2\/product"}],"about":[{"href":"https:\/\/zl.jewelry\/pl\/wp-json\/wp\/v2\/types\/product"}],"wp:featuredmedia":[{"embeddable":true,"href":"https:\/\/zl.jewelry\/pl\/wp-json\/wp\/v2\/media\/43503"}],"wp:attachment":[{"href":"https:\/\/zl.jewelry\/pl\/wp-json\/wp\/v2\/media?parent=43502"}],"wp:term":[{"taxonomy":"product_brand","embeddable":true,"href":"https:\/\/zl.jewelry\/pl\/wp-json\/wp\/v2\/product_brand?post=43502"},{"taxonomy":"product_cat","embeddable":true,"href":"https:\/\/zl.jewelry\/pl\/wp-json\/wp\/v2\/product_cat?post=43502"},{"taxonomy":"product_tag","embeddable":true,"href":"https:\/\/zl.jewelry\/pl\/wp-json\/wp\/v2\/product_tag?post=43502"}],"curies":[{"name":"wp","href":"https:\/\/api.w.org\/{rel}","templated":true}]}}