{"id":43500,"date":"2025-06-18T11:01:30","date_gmt":"2025-06-18T11:01:30","guid":{"rendered":"https:\/\/zl.jewelry\/product\/rope-red-with-inserts-standard\/"},"modified":"2026-02-06T13:21:19","modified_gmt":"2026-02-06T13:21:19","slug":"rope-red-with-inserts-standard","status":"publish","type":"product","link":"https:\/\/zl.jewelry\/pl\/product\/rope-red-with-inserts-standard\/","title":{"rendered":"Sznur czerwony z wstawkami &#8222;Standard&#8221;"},"content":{"rendered":"<p><span style=\"font-family: calibri,sans-serif; font-size: 13.5pt;\">\u015arednica liny 3 mm. \u00a0<\/span>\u00a0D\u0142ugo\u015b\u0107 liny na \u017cyczenie klienta.<\/p>\n","protected":false},"excerpt":{"rendered":"<p>\u015arednica liny 3 mm. \u00a0\u00a0D\u0142ugo\u015b\u0107 liny na \u017cyczenie klienta.<\/p>\n","protected":false},"featured_media":43501,"template":"","meta":{"_acf_changed":false},"product_brand":[],"product_cat":[496,497],"product_tag":[],"class_list":{"0":"post-43500","1":"product","2":"type-product","3":"status-publish","4":"has-post-thumbnail","6":"product_cat-jewelry-laces-pl","7":"product_cat-childrens-womens-pl","9":"first","10":"instock","11":"product-type-simple"},"acf":[],"_links":{"self":[{"href":"https:\/\/zl.jewelry\/pl\/wp-json\/wp\/v2\/product\/43500","targetHints":{"allow":["GET"]}}],"collection":[{"href":"https:\/\/zl.jewelry\/pl\/wp-json\/wp\/v2\/product"}],"about":[{"href":"https:\/\/zl.jewelry\/pl\/wp-json\/wp\/v2\/types\/product"}],"wp:featuredmedia":[{"embeddable":true,"href":"https:\/\/zl.jewelry\/pl\/wp-json\/wp\/v2\/media\/43501"}],"wp:attachment":[{"href":"https:\/\/zl.jewelry\/pl\/wp-json\/wp\/v2\/media?parent=43500"}],"wp:term":[{"taxonomy":"product_brand","embeddable":true,"href":"https:\/\/zl.jewelry\/pl\/wp-json\/wp\/v2\/product_brand?post=43500"},{"taxonomy":"product_cat","embeddable":true,"href":"https:\/\/zl.jewelry\/pl\/wp-json\/wp\/v2\/product_cat?post=43500"},{"taxonomy":"product_tag","embeddable":true,"href":"https:\/\/zl.jewelry\/pl\/wp-json\/wp\/v2\/product_tag?post=43500"}],"curies":[{"name":"wp","href":"https:\/\/api.w.org\/{rel}","templated":true}]}}